{"id":9883,"date":"2023-11-24T14:27:41","date_gmt":"2023-11-24T17:27:41","guid":{"rendered":"https:\/\/www.mundialsc.com.br\/loja\/?post_type=product&#038;p=9883"},"modified":"2023-11-24T14:38:22","modified_gmt":"2023-11-24T17:38:22","slug":"reservatorio-de-agua-iveco-daily-35s14","status":"publish","type":"product","link":"https:\/\/www.mundialsc.com.br\/loja\/produto\/reservatorio-de-agua-iveco-daily-35s14\/","title":{"rendered":"Reservat\u00f3rio De \u00c1gua Iveco Daily 35s14"},"content":{"rendered":"<p>Reservat\u00f3rio De \u00c1gua<br \/>\nC\u00f3digo Original: 580211428<br \/>\nC\u00f3digo Interno CP450<\/p>\n<p>Aplica\u00e7\u00e3o:<\/p>\n<p>IVECO<\/p>\n<p>DAILY 35S14 \/ 40S16 \/ 45S14 \/ 45S16 \/ 55C16 \/ 70C16 E 35S14 HD \/ 40S14 \/ 45S17 \/ 50C17 \/ 55C17 \/ 70C17<\/p>\n","protected":false},"excerpt":{"rendered":"<p>Reservat\u00f3rio De \u00c1gua C\u00f3digo Original: 580211428 C\u00f3digo Interno CP450 Aplica\u00e7\u00e3o: IVECO DAILY 35S14 \/ 40S16 \/ 45S14 \/ 45S16 \/<\/p>\n","protected":false},"featured_media":9884,"template":"","meta":[],"product_brand":[],"product_cat":[42,261],"product_tag":[],"class_list":{"0":"post-9883","1":"product","2":"type-product","3":"status-publish","4":"has-post-thumbnail","6":"product_cat-motor","7":"product_cat-reservatorio","9":"first","10":"instock","11":"shipping-taxable","12":"product-type-simple"},"_links":{"self":[{"href":"https:\/\/www.mundialsc.com.br\/loja\/wp-json\/wp\/v2\/product\/9883","targetHints":{"allow":["GET"]}}],"collection":[{"href":"https:\/\/www.mundialsc.com.br\/loja\/wp-json\/wp\/v2\/product"}],"about":[{"href":"https:\/\/www.mundialsc.com.br\/loja\/wp-json\/wp\/v2\/types\/product"}],"wp:featuredmedia":[{"embeddable":true,"href":"https:\/\/www.mundialsc.com.br\/loja\/wp-json\/wp\/v2\/media\/9884"}],"wp:attachment":[{"href":"https:\/\/www.mundialsc.com.br\/loja\/wp-json\/wp\/v2\/media?parent=9883"}],"wp:term":[{"taxonomy":"product_brand","embeddable":true,"href":"https:\/\/www.mundialsc.com.br\/loja\/wp-json\/wp\/v2\/product_brand?post=9883"},{"taxonomy":"product_cat","embeddable":true,"href":"https:\/\/www.mundialsc.com.br\/loja\/wp-json\/wp\/v2\/product_cat?post=9883"},{"taxonomy":"product_tag","embeddable":true,"href":"https:\/\/www.mundialsc.com.br\/loja\/wp-json\/wp\/v2\/product_tag?post=9883"}],"curies":[{"name":"wp","href":"https:\/\/api.w.org\/{rel}","templated":true}]}}