{"id":9871,"date":"2023-11-08T17:41:33","date_gmt":"2023-11-08T20:41:33","guid":{"rendered":"https:\/\/www.mundialsc.com.br\/loja\/?post_type=product&#038;p=9871"},"modified":"2023-11-08T17:42:18","modified_gmt":"2023-11-08T20:42:18","slug":"valvula-egr-completa-ssangyong-kyron","status":"publish","type":"product","link":"https:\/\/www.mundialsc.com.br\/loja\/produto\/valvula-egr-completa-ssangyong-kyron\/","title":{"rendered":"V\u00e1lvula EGR Completa Ssangyong Kyron"},"content":{"rendered":"<p>V\u00e1lvula EGR<br \/>\nC\u00f3digo Original: 66514-00660<br \/>\nC\u00f3digo Interno: 800CM11<\/p>\n<p>Aplica\u00e7\u00e3o:<\/p>\n<p>SSANGYONG<\/p>\n<p>KYRON 2.0 E 2.7<\/p>\n","protected":false},"excerpt":{"rendered":"<p>V\u00e1lvula EGR C\u00f3digo Original: 66514-00660 C\u00f3digo Interno: 800CM11 Aplica\u00e7\u00e3o: SSANGYONG KYRON 2.0 E 2.7<\/p>\n","protected":false},"featured_media":9875,"template":"","meta":[],"product_brand":[],"product_cat":[260,42],"product_tag":[],"class_list":{"0":"post-9871","1":"product","2":"type-product","3":"status-publish","4":"has-post-thumbnail","6":"product_cat-egr","7":"product_cat-motor","9":"first","10":"instock","11":"shipping-taxable","12":"product-type-simple"},"_links":{"self":[{"href":"https:\/\/www.mundialsc.com.br\/loja\/wp-json\/wp\/v2\/product\/9871","targetHints":{"allow":["GET"]}}],"collection":[{"href":"https:\/\/www.mundialsc.com.br\/loja\/wp-json\/wp\/v2\/product"}],"about":[{"href":"https:\/\/www.mundialsc.com.br\/loja\/wp-json\/wp\/v2\/types\/product"}],"wp:featuredmedia":[{"embeddable":true,"href":"https:\/\/www.mundialsc.com.br\/loja\/wp-json\/wp\/v2\/media\/9875"}],"wp:attachment":[{"href":"https:\/\/www.mundialsc.com.br\/loja\/wp-json\/wp\/v2\/media?parent=9871"}],"wp:term":[{"taxonomy":"product_brand","embeddable":true,"href":"https:\/\/www.mundialsc.com.br\/loja\/wp-json\/wp\/v2\/product_brand?post=9871"},{"taxonomy":"product_cat","embeddable":true,"href":"https:\/\/www.mundialsc.com.br\/loja\/wp-json\/wp\/v2\/product_cat?post=9871"},{"taxonomy":"product_tag","embeddable":true,"href":"https:\/\/www.mundialsc.com.br\/loja\/wp-json\/wp\/v2\/product_tag?post=9871"}],"curies":[{"name":"wp","href":"https:\/\/api.w.org\/{rel}","templated":true}]}}