{"id":9867,"date":"2023-11-08T17:12:07","date_gmt":"2023-11-08T20:12:07","guid":{"rendered":"https:\/\/www.mundialsc.com.br\/loja\/?post_type=product&#038;p=9867"},"modified":"2023-11-08T17:12:07","modified_gmt":"2023-11-08T20:12:07","slug":"bucha-bandeja-mahindra-kit-superior","status":"publish","type":"product","link":"https:\/\/www.mundialsc.com.br\/loja\/produto\/bucha-bandeja-mahindra-kit-superior\/","title":{"rendered":"Bucha Bandeja Mahindra Kit Superior"},"content":{"rendered":"<p>Kit Superior De Buchas De Bandejas<br \/>\nKit Contendo 4 PE\u00c7AS<\/p>\n<p>Aplica\u00e7\u00e3o:<\/p>\n<p>MAHINDRA<\/p>\n<p>PIK-UP E SUV<\/p>\n","protected":false},"excerpt":{"rendered":"<p>Kit Superior De Buchas De Bandejas Kit Contendo 4 PE\u00c7AS Aplica\u00e7\u00e3o: MAHINDRA PIK-UP E SUV<\/p>\n","protected":false},"featured_media":9868,"template":"","meta":[],"product_brand":[],"product_cat":[110,98,44],"product_tag":[],"class_list":{"0":"post-9867","1":"product","2":"type-product","3":"status-publish","4":"has-post-thumbnail","6":"product_cat-bucha","7":"product_cat-bucha-superior","8":"product_cat-suspensao","10":"first","11":"instock","12":"shipping-taxable","13":"product-type-simple"},"_links":{"self":[{"href":"https:\/\/www.mundialsc.com.br\/loja\/wp-json\/wp\/v2\/product\/9867","targetHints":{"allow":["GET"]}}],"collection":[{"href":"https:\/\/www.mundialsc.com.br\/loja\/wp-json\/wp\/v2\/product"}],"about":[{"href":"https:\/\/www.mundialsc.com.br\/loja\/wp-json\/wp\/v2\/types\/product"}],"wp:featuredmedia":[{"embeddable":true,"href":"https:\/\/www.mundialsc.com.br\/loja\/wp-json\/wp\/v2\/media\/9868"}],"wp:attachment":[{"href":"https:\/\/www.mundialsc.com.br\/loja\/wp-json\/wp\/v2\/media?parent=9867"}],"wp:term":[{"taxonomy":"product_brand","embeddable":true,"href":"https:\/\/www.mundialsc.com.br\/loja\/wp-json\/wp\/v2\/product_brand?post=9867"},{"taxonomy":"product_cat","embeddable":true,"href":"https:\/\/www.mundialsc.com.br\/loja\/wp-json\/wp\/v2\/product_cat?post=9867"},{"taxonomy":"product_tag","embeddable":true,"href":"https:\/\/www.mundialsc.com.br\/loja\/wp-json\/wp\/v2\/product_tag?post=9867"}],"curies":[{"name":"wp","href":"https:\/\/api.w.org\/{rel}","templated":true}]}}