{"id":9811,"date":"2023-10-18T17:51:48","date_gmt":"2023-10-18T20:51:48","guid":{"rendered":"http:\/\/www.mundialsc.com.br\/loja\/?post_type=product&#038;p=9811"},"modified":"2023-10-25T15:12:07","modified_gmt":"2023-10-25T18:12:07","slug":"kit-filtro-foton-aumark-2-8","status":"publish","type":"product","link":"https:\/\/www.mundialsc.com.br\/loja\/produto\/kit-filtro-foton-aumark-2-8\/","title":{"rendered":"Kit Filtros Foton Aumark 2.8"},"content":{"rendered":"<p>Kit Filtros:<br \/>\nFiltro Ar Motor<br \/>\nFiltro \u00d3leo Lubrificante<br \/>\nFiltro Separador<br \/>\nFiltro Diesel<br \/>\nFOTO ILUSTRATIVA<\/p>\n<p>Aplica\u00e7\u00e3o:<\/p>\n<p>FOTON<\/p>\n<p>AUMARK 2.8<\/p>\n","protected":false},"excerpt":{"rendered":"<p>Kit Filtros: Filtro Ar Motor Filtro \u00d3leo Lubrificante Filtro Separador Filtro Diesel FOTO ILUSTRATIVA Aplica\u00e7\u00e3o: FOTON AUMARK 2.8<\/p>\n","protected":false},"featured_media":9813,"template":"","meta":[],"product_brand":[],"product_cat":[15],"product_tag":[],"class_list":{"0":"post-9811","1":"product","2":"type-product","3":"status-publish","4":"has-post-thumbnail","6":"product_cat-outros","8":"first","9":"instock","10":"shipping-taxable","11":"product-type-simple"},"_links":{"self":[{"href":"https:\/\/www.mundialsc.com.br\/loja\/wp-json\/wp\/v2\/product\/9811","targetHints":{"allow":["GET"]}}],"collection":[{"href":"https:\/\/www.mundialsc.com.br\/loja\/wp-json\/wp\/v2\/product"}],"about":[{"href":"https:\/\/www.mundialsc.com.br\/loja\/wp-json\/wp\/v2\/types\/product"}],"wp:featuredmedia":[{"embeddable":true,"href":"https:\/\/www.mundialsc.com.br\/loja\/wp-json\/wp\/v2\/media\/9813"}],"wp:attachment":[{"href":"https:\/\/www.mundialsc.com.br\/loja\/wp-json\/wp\/v2\/media?parent=9811"}],"wp:term":[{"taxonomy":"product_brand","embeddable":true,"href":"https:\/\/www.mundialsc.com.br\/loja\/wp-json\/wp\/v2\/product_brand?post=9811"},{"taxonomy":"product_cat","embeddable":true,"href":"https:\/\/www.mundialsc.com.br\/loja\/wp-json\/wp\/v2\/product_cat?post=9811"},{"taxonomy":"product_tag","embeddable":true,"href":"https:\/\/www.mundialsc.com.br\/loja\/wp-json\/wp\/v2\/product_tag?post=9811"}],"curies":[{"name":"wp","href":"https:\/\/api.w.org\/{rel}","templated":true}]}}