{"id":9786,"date":"2023-10-11T16:22:06","date_gmt":"2023-10-11T19:22:06","guid":{"rendered":"https:\/\/www.mundialsc.com.br\/loja\/?post_type=product&#038;p=9786"},"modified":"2023-10-11T16:22:06","modified_gmt":"2023-10-11T19:22:06","slug":"bico-injetor-mahindra-2-2","status":"publish","type":"product","link":"https:\/\/www.mundialsc.com.br\/loja\/produto\/bico-injetor-mahindra-2-2\/","title":{"rendered":"Bico Injetor Mahindra 2.2"},"content":{"rendered":"<p>Bico Injetor<br \/>\nC\u00f3digo Original: 0445110498<\/p>\n<p>Aplica\u00e7\u00e3o:<\/p>\n<p>MAHINDRA 2.2 4 CILINDROS<\/p>\n","protected":false},"excerpt":{"rendered":"<p>Bico Injetor C\u00f3digo Original: 0445110498 Aplica\u00e7\u00e3o: MAHINDRA 2.2 4 CILINDROS<\/p>\n","protected":false},"featured_media":9787,"template":"","meta":[],"product_brand":[],"product_cat":[15],"product_tag":[],"class_list":{"0":"post-9786","1":"product","2":"type-product","3":"status-publish","4":"has-post-thumbnail","6":"product_cat-outros","8":"first","9":"instock","10":"shipping-taxable","11":"product-type-simple"},"_links":{"self":[{"href":"https:\/\/www.mundialsc.com.br\/loja\/wp-json\/wp\/v2\/product\/9786","targetHints":{"allow":["GET"]}}],"collection":[{"href":"https:\/\/www.mundialsc.com.br\/loja\/wp-json\/wp\/v2\/product"}],"about":[{"href":"https:\/\/www.mundialsc.com.br\/loja\/wp-json\/wp\/v2\/types\/product"}],"wp:featuredmedia":[{"embeddable":true,"href":"https:\/\/www.mundialsc.com.br\/loja\/wp-json\/wp\/v2\/media\/9787"}],"wp:attachment":[{"href":"https:\/\/www.mundialsc.com.br\/loja\/wp-json\/wp\/v2\/media?parent=9786"}],"wp:term":[{"taxonomy":"product_brand","embeddable":true,"href":"https:\/\/www.mundialsc.com.br\/loja\/wp-json\/wp\/v2\/product_brand?post=9786"},{"taxonomy":"product_cat","embeddable":true,"href":"https:\/\/www.mundialsc.com.br\/loja\/wp-json\/wp\/v2\/product_cat?post=9786"},{"taxonomy":"product_tag","embeddable":true,"href":"https:\/\/www.mundialsc.com.br\/loja\/wp-json\/wp\/v2\/product_tag?post=9786"}],"curies":[{"name":"wp","href":"https:\/\/api.w.org\/{rel}","templated":true}]}}