{"id":9784,"date":"2023-10-02T14:38:04","date_gmt":"2023-10-02T17:38:04","guid":{"rendered":"https:\/\/www.mundialsc.com.br\/loja\/?post_type=product&#038;p=9784"},"modified":"2023-10-02T14:41:11","modified_gmt":"2023-10-02T17:41:11","slug":"bico-injetor-ssangyong-kyron20-sports-2-0-copia","status":"publish","type":"product","link":"https:\/\/www.mundialsc.com.br\/loja\/produto\/bico-injetor-ssangyong-kyron20-sports-2-0-copia\/","title":{"rendered":"Bico Injetor Ssangyong Kyron 2.0"},"content":{"rendered":"<p>Bico Injetor<br \/>\nC\u00f3digo Original: 6640170121<br \/>\nC\u00f3digo Interno: EJBR04501D<\/p>\n<p>Aplica\u00e7\u00e3o:<\/p>\n<p>SSANGYONG<\/p>\n<p>KYRON 2.0 4 CILINDROS TURBO DIESEL<\/p>\n","protected":false},"excerpt":{"rendered":"<p>Bico Injetor C\u00f3digo Original: 6640170121 C\u00f3digo Interno: EJBR04501D Aplica\u00e7\u00e3o: SSANGYONG KYRON 2.0 4 CILINDROS TURBO DIESEL<\/p>\n","protected":false},"featured_media":9334,"template":"","meta":[],"product_brand":[],"product_cat":[112,111,42],"product_tag":[],"class_list":{"0":"post-9784","1":"product","2":"type-product","3":"status-publish","4":"has-post-thumbnail","6":"product_cat-bico-injetor-injecao-eletronica","7":"product_cat-injecao-eletronica","8":"product_cat-motor","10":"first","11":"instock","12":"shipping-taxable","13":"product-type-simple"},"_links":{"self":[{"href":"https:\/\/www.mundialsc.com.br\/loja\/wp-json\/wp\/v2\/product\/9784","targetHints":{"allow":["GET"]}}],"collection":[{"href":"https:\/\/www.mundialsc.com.br\/loja\/wp-json\/wp\/v2\/product"}],"about":[{"href":"https:\/\/www.mundialsc.com.br\/loja\/wp-json\/wp\/v2\/types\/product"}],"wp:featuredmedia":[{"embeddable":true,"href":"https:\/\/www.mundialsc.com.br\/loja\/wp-json\/wp\/v2\/media\/9334"}],"wp:attachment":[{"href":"https:\/\/www.mundialsc.com.br\/loja\/wp-json\/wp\/v2\/media?parent=9784"}],"wp:term":[{"taxonomy":"product_brand","embeddable":true,"href":"https:\/\/www.mundialsc.com.br\/loja\/wp-json\/wp\/v2\/product_brand?post=9784"},{"taxonomy":"product_cat","embeddable":true,"href":"https:\/\/www.mundialsc.com.br\/loja\/wp-json\/wp\/v2\/product_cat?post=9784"},{"taxonomy":"product_tag","embeddable":true,"href":"https:\/\/www.mundialsc.com.br\/loja\/wp-json\/wp\/v2\/product_tag?post=9784"}],"curies":[{"name":"wp","href":"https:\/\/api.w.org\/{rel}","templated":true}]}}