{"id":9756,"date":"2023-07-12T15:45:14","date_gmt":"2023-07-12T18:45:14","guid":{"rendered":"https:\/\/www.mundialsc.com.br\/loja\/?post_type=product&#038;p=9756"},"modified":"2023-07-12T15:46:33","modified_gmt":"2023-07-12T18:46:33","slug":"modulo-central-injecao-ecu-ssangyong-actyon","status":"publish","type":"product","link":"https:\/\/www.mundialsc.com.br\/loja\/produto\/modulo-central-injecao-ecu-ssangyong-actyon\/","title":{"rendered":"M\u00f3dulo Central Inje\u00e7\u00e3o Ecu Ssangyong Actyon"},"content":{"rendered":"<p>M\u00f3dulo Central Inje\u00e7\u00e3o Ecu<br \/>\nC\u00f3digo Original: 6645406732 EU3<br \/>\nC\u00f3digo Interno: 28170229<\/p>\n<p>Aplica\u00e7\u00e3o:<\/p>\n<p>SSANGYONG<\/p>\n<p>ACTYON Confirmar via c\u00f3digo<\/p>\n","protected":false},"excerpt":{"rendered":"<p>M\u00f3dulo Central Inje\u00e7\u00e3o Ecu C\u00f3digo Original: 6645406732 EU3 C\u00f3digo Interno: 28170229 Aplica\u00e7\u00e3o: SSANGYONG ACTYON Confirmar via c\u00f3digo<\/p>\n","protected":false},"featured_media":9754,"template":"","meta":[],"product_brand":[],"product_cat":[111,203,42],"product_tag":[],"class_list":{"0":"post-9756","1":"product","2":"type-product","3":"status-publish","4":"has-post-thumbnail","6":"product_cat-injecao-eletronica","7":"product_cat-modulo-injecao-eletronica","8":"product_cat-motor","10":"first","11":"instock","12":"shipping-taxable","13":"product-type-simple"},"_links":{"self":[{"href":"https:\/\/www.mundialsc.com.br\/loja\/wp-json\/wp\/v2\/product\/9756","targetHints":{"allow":["GET"]}}],"collection":[{"href":"https:\/\/www.mundialsc.com.br\/loja\/wp-json\/wp\/v2\/product"}],"about":[{"href":"https:\/\/www.mundialsc.com.br\/loja\/wp-json\/wp\/v2\/types\/product"}],"wp:featuredmedia":[{"embeddable":true,"href":"https:\/\/www.mundialsc.com.br\/loja\/wp-json\/wp\/v2\/media\/9754"}],"wp:attachment":[{"href":"https:\/\/www.mundialsc.com.br\/loja\/wp-json\/wp\/v2\/media?parent=9756"}],"wp:term":[{"taxonomy":"product_brand","embeddable":true,"href":"https:\/\/www.mundialsc.com.br\/loja\/wp-json\/wp\/v2\/product_brand?post=9756"},{"taxonomy":"product_cat","embeddable":true,"href":"https:\/\/www.mundialsc.com.br\/loja\/wp-json\/wp\/v2\/product_cat?post=9756"},{"taxonomy":"product_tag","embeddable":true,"href":"https:\/\/www.mundialsc.com.br\/loja\/wp-json\/wp\/v2\/product_tag?post=9756"}],"curies":[{"name":"wp","href":"https:\/\/api.w.org\/{rel}","templated":true}]}}