{"id":9753,"date":"2023-07-12T15:38:35","date_gmt":"2023-07-12T18:38:35","guid":{"rendered":"https:\/\/www.mundialsc.com.br\/loja\/?post_type=product&#038;p=9753"},"modified":"2023-07-12T15:39:50","modified_gmt":"2023-07-12T18:39:50","slug":"modulo-central-injecao-ecu-ssangyong-actyon-2-0","status":"publish","type":"product","link":"https:\/\/www.mundialsc.com.br\/loja\/produto\/modulo-central-injecao-ecu-ssangyong-actyon-2-0\/","title":{"rendered":"M\u00f3dulo Central Inje\u00e7\u00e3o Ecu Ssangyong Actyon 2.0"},"content":{"rendered":"<p>M\u00f3dulo Central Inje\u00e7\u00e3o Ecu<br \/>\nC\u00f3digo Original: 6645406532<br \/>\nC\u00f3digo Interno: E13 03 3137<\/p>\n<p>Aplica\u00e7\u00e3o:<\/p>\n<p>SSANGYONG<\/p>\n<p>ACTYON 2.0 Confirmar via c\u00f3digo<\/p>\n","protected":false},"excerpt":{"rendered":"<p>M\u00f3dulo Central Inje\u00e7\u00e3o Ecu C\u00f3digo Original: 6645406532 C\u00f3digo Interno: E13 03 3137 Aplica\u00e7\u00e3o: SSANGYONG ACTYON 2.0 Confirmar via c\u00f3digo<\/p>\n","protected":false},"featured_media":9754,"template":"","meta":[],"product_brand":[],"product_cat":[111,203,42],"product_tag":[],"class_list":{"0":"post-9753","1":"product","2":"type-product","3":"status-publish","4":"has-post-thumbnail","6":"product_cat-injecao-eletronica","7":"product_cat-modulo-injecao-eletronica","8":"product_cat-motor","10":"first","11":"instock","12":"shipping-taxable","13":"product-type-simple"},"_links":{"self":[{"href":"https:\/\/www.mundialsc.com.br\/loja\/wp-json\/wp\/v2\/product\/9753","targetHints":{"allow":["GET"]}}],"collection":[{"href":"https:\/\/www.mundialsc.com.br\/loja\/wp-json\/wp\/v2\/product"}],"about":[{"href":"https:\/\/www.mundialsc.com.br\/loja\/wp-json\/wp\/v2\/types\/product"}],"wp:featuredmedia":[{"embeddable":true,"href":"https:\/\/www.mundialsc.com.br\/loja\/wp-json\/wp\/v2\/media\/9754"}],"wp:attachment":[{"href":"https:\/\/www.mundialsc.com.br\/loja\/wp-json\/wp\/v2\/media?parent=9753"}],"wp:term":[{"taxonomy":"product_brand","embeddable":true,"href":"https:\/\/www.mundialsc.com.br\/loja\/wp-json\/wp\/v2\/product_brand?post=9753"},{"taxonomy":"product_cat","embeddable":true,"href":"https:\/\/www.mundialsc.com.br\/loja\/wp-json\/wp\/v2\/product_cat?post=9753"},{"taxonomy":"product_tag","embeddable":true,"href":"https:\/\/www.mundialsc.com.br\/loja\/wp-json\/wp\/v2\/product_tag?post=9753"}],"curies":[{"name":"wp","href":"https:\/\/api.w.org\/{rel}","templated":true}]}}