{"id":9751,"date":"2023-07-12T15:00:33","date_gmt":"2023-07-12T18:00:33","guid":{"rendered":"https:\/\/www.mundialsc.com.br\/loja\/?post_type=product&#038;p=9751"},"modified":"2023-07-12T15:10:22","modified_gmt":"2023-07-12T18:10:22","slug":"modulo-e-coupling-tracao-ssangyong-korando","status":"publish","type":"product","link":"https:\/\/www.mundialsc.com.br\/loja\/produto\/modulo-e-coupling-tracao-ssangyong-korando\/","title":{"rendered":"M\u00f3dulo E-coupling Tra\u00e7\u00e3o Ssangyong Korando"},"content":{"rendered":"<p>M\u00f3dulo E-coupling Tra\u00e7\u00e3o<br \/>\nC\u00f3digo Original: 32200-34000<br \/>\nC\u00f3digo Interno: 2568<\/p>\n<p>Aplica\u00e7\u00e3o:<\/p>\n<p>SSANGYONG<\/p>\n<p>KORANDO &#8211; Confirmar via c\u00f3digo<\/p>\n","protected":false},"excerpt":{"rendered":"<p>M\u00f3dulo E-coupling Tra\u00e7\u00e3o C\u00f3digo Original: 32200-34000 C\u00f3digo Interno: 2568 Aplica\u00e7\u00e3o: SSANGYONG KORANDO &#8211; Confirmar via c\u00f3digo<\/p>\n","protected":false},"featured_media":9752,"template":"","meta":[],"product_brand":[],"product_cat":[37],"product_tag":[],"class_list":{"0":"post-9751","1":"product","2":"type-product","3":"status-publish","4":"has-post-thumbnail","6":"product_cat-transmissao","8":"first","9":"instock","10":"shipping-taxable","11":"product-type-simple"},"_links":{"self":[{"href":"https:\/\/www.mundialsc.com.br\/loja\/wp-json\/wp\/v2\/product\/9751","targetHints":{"allow":["GET"]}}],"collection":[{"href":"https:\/\/www.mundialsc.com.br\/loja\/wp-json\/wp\/v2\/product"}],"about":[{"href":"https:\/\/www.mundialsc.com.br\/loja\/wp-json\/wp\/v2\/types\/product"}],"wp:featuredmedia":[{"embeddable":true,"href":"https:\/\/www.mundialsc.com.br\/loja\/wp-json\/wp\/v2\/media\/9752"}],"wp:attachment":[{"href":"https:\/\/www.mundialsc.com.br\/loja\/wp-json\/wp\/v2\/media?parent=9751"}],"wp:term":[{"taxonomy":"product_brand","embeddable":true,"href":"https:\/\/www.mundialsc.com.br\/loja\/wp-json\/wp\/v2\/product_brand?post=9751"},{"taxonomy":"product_cat","embeddable":true,"href":"https:\/\/www.mundialsc.com.br\/loja\/wp-json\/wp\/v2\/product_cat?post=9751"},{"taxonomy":"product_tag","embeddable":true,"href":"https:\/\/www.mundialsc.com.br\/loja\/wp-json\/wp\/v2\/product_tag?post=9751"}],"curies":[{"name":"wp","href":"https:\/\/api.w.org\/{rel}","templated":true}]}}