{"id":9748,"date":"2023-07-12T14:53:10","date_gmt":"2023-07-12T17:53:10","guid":{"rendered":"https:\/\/www.mundialsc.com.br\/loja\/?post_type=product&#038;p=9748"},"modified":"2023-07-12T14:55:33","modified_gmt":"2023-07-12T17:55:33","slug":"modulo-cambio-tracao-4x4-mahindra","status":"publish","type":"product","link":"https:\/\/www.mundialsc.com.br\/loja\/produto\/modulo-cambio-tracao-4x4-mahindra\/","title":{"rendered":"Modulo C\u00e2mbio Tra\u00e7\u00e3o 4&#215;4 Mahindra"},"content":{"rendered":"<p>Modulo C\u00e2mbio Tra\u00e7\u00e3o<br \/>\nC\u00f3digo Original: 0701GAJ00020N<br \/>\nC\u00f3digo Interno: 9902<br \/>\nPRODUTO NOVO E ORIGINAL D-W<\/p>\n<p>Aplica\u00e7\u00e3o:<\/p>\n<p>MAHINDRA<\/p>\n<p>AN\u00c1LISE VIA C\u00d3DIGO DA PE\u00c7A<\/p>\n","protected":false},"excerpt":{"rendered":"<p>Modulo C\u00e2mbio Tra\u00e7\u00e3o C\u00f3digo Original: 0701GAJ00020N C\u00f3digo Interno: 9902 PRODUTO NOVO E ORIGINAL D-W Aplica\u00e7\u00e3o: MAHINDRA AN\u00c1LISE VIA C\u00d3DIGO DA<\/p>\n","protected":false},"featured_media":9749,"template":"","meta":[],"product_brand":[],"product_cat":[37],"product_tag":[],"class_list":{"0":"post-9748","1":"product","2":"type-product","3":"status-publish","4":"has-post-thumbnail","6":"product_cat-transmissao","8":"first","9":"instock","10":"shipping-taxable","11":"product-type-simple"},"_links":{"self":[{"href":"https:\/\/www.mundialsc.com.br\/loja\/wp-json\/wp\/v2\/product\/9748","targetHints":{"allow":["GET"]}}],"collection":[{"href":"https:\/\/www.mundialsc.com.br\/loja\/wp-json\/wp\/v2\/product"}],"about":[{"href":"https:\/\/www.mundialsc.com.br\/loja\/wp-json\/wp\/v2\/types\/product"}],"wp:featuredmedia":[{"embeddable":true,"href":"https:\/\/www.mundialsc.com.br\/loja\/wp-json\/wp\/v2\/media\/9749"}],"wp:attachment":[{"href":"https:\/\/www.mundialsc.com.br\/loja\/wp-json\/wp\/v2\/media?parent=9748"}],"wp:term":[{"taxonomy":"product_brand","embeddable":true,"href":"https:\/\/www.mundialsc.com.br\/loja\/wp-json\/wp\/v2\/product_brand?post=9748"},{"taxonomy":"product_cat","embeddable":true,"href":"https:\/\/www.mundialsc.com.br\/loja\/wp-json\/wp\/v2\/product_cat?post=9748"},{"taxonomy":"product_tag","embeddable":true,"href":"https:\/\/www.mundialsc.com.br\/loja\/wp-json\/wp\/v2\/product_tag?post=9748"}],"curies":[{"name":"wp","href":"https:\/\/api.w.org\/{rel}","templated":true}]}}