{"id":9734,"date":"2023-07-07T16:08:00","date_gmt":"2023-07-07T19:08:00","guid":{"rendered":"https:\/\/www.mundialsc.com.br\/loja\/?post_type=product&#038;p=9734"},"modified":"2023-11-30T11:43:48","modified_gmt":"2023-11-30T14:43:48","slug":"bandeja-inferior-direita-ssangyong-kyron","status":"publish","type":"product","link":"https:\/\/www.mundialsc.com.br\/loja\/produto\/bandeja-inferior-direita-ssangyong-kyron\/","title":{"rendered":"Bandeja Inferior Direita Ssangyong Kyron"},"content":{"rendered":"<p>Bandeja Inferior Direita<br \/>\nC\u00f3digo Original: 4450209002<\/p>\n<p>Aplica\u00e7\u00e3o:<\/p>\n<p>SSANGYONG<\/p>\n<p>KYRON 2.0 E 2.7<\/p>\n","protected":false},"excerpt":{"rendered":"<p>Bandeja Inferior Direita C\u00f3digo Original: 4450209002 Aplica\u00e7\u00e3o: SSANGYONG KYRON 2.0 E 2.7<\/p>\n","protected":false},"featured_media":9737,"template":"","meta":[],"product_brand":[],"product_cat":[182,44],"product_tag":[],"class_list":{"0":"post-9734","1":"product","2":"type-product","3":"status-publish","4":"has-post-thumbnail","6":"product_cat-bandeja","7":"product_cat-suspensao","9":"first","10":"instock","11":"shipping-taxable","12":"product-type-simple"},"_links":{"self":[{"href":"https:\/\/www.mundialsc.com.br\/loja\/wp-json\/wp\/v2\/product\/9734","targetHints":{"allow":["GET"]}}],"collection":[{"href":"https:\/\/www.mundialsc.com.br\/loja\/wp-json\/wp\/v2\/product"}],"about":[{"href":"https:\/\/www.mundialsc.com.br\/loja\/wp-json\/wp\/v2\/types\/product"}],"wp:featuredmedia":[{"embeddable":true,"href":"https:\/\/www.mundialsc.com.br\/loja\/wp-json\/wp\/v2\/media\/9737"}],"wp:attachment":[{"href":"https:\/\/www.mundialsc.com.br\/loja\/wp-json\/wp\/v2\/media?parent=9734"}],"wp:term":[{"taxonomy":"product_brand","embeddable":true,"href":"https:\/\/www.mundialsc.com.br\/loja\/wp-json\/wp\/v2\/product_brand?post=9734"},{"taxonomy":"product_cat","embeddable":true,"href":"https:\/\/www.mundialsc.com.br\/loja\/wp-json\/wp\/v2\/product_cat?post=9734"},{"taxonomy":"product_tag","embeddable":true,"href":"https:\/\/www.mundialsc.com.br\/loja\/wp-json\/wp\/v2\/product_tag?post=9734"}],"curies":[{"name":"wp","href":"https:\/\/api.w.org\/{rel}","templated":true}]}}