{"id":9717,"date":"2023-06-14T15:51:07","date_gmt":"2023-06-14T18:51:07","guid":{"rendered":"https:\/\/www.mundialsc.com.br\/loja\/?post_type=product&#038;p=9717"},"modified":"2023-06-14T15:52:35","modified_gmt":"2023-06-14T18:52:35","slug":"kit-de-filtros-chery-arrizo","status":"publish","type":"product","link":"https:\/\/www.mundialsc.com.br\/loja\/produto\/kit-de-filtros-chery-arrizo\/","title":{"rendered":"Kit de Filtros Chery Arrizo"},"content":{"rendered":"<p>Kit de Filtros contendo:<br \/>\nFiltro ar motor, filtro ar cabine, filtro \u00f3leo do motor e filtro combust\u00edvel<br \/>\nC\u00f3digos originais: J421109111 + J608107910 + S111117110 + 4801012010<\/p>\n<p>Aplica\u00e7\u00e3o:<\/p>\n<p>CHERY <\/p>\n<p>ARRIZO 5 E 6 <\/p>\n","protected":false},"excerpt":{"rendered":"<p>Kit de Filtros contendo: Filtro ar motor, filtro ar cabine, filtro \u00f3leo do motor e filtro combust\u00edvel C\u00f3digos originais: J421109111<\/p>\n","protected":false},"featured_media":9713,"template":"","meta":[],"product_brand":[],"product_cat":[191,185,153,39,186],"product_tag":[],"class_list":{"0":"post-9717","1":"product","2":"type-product","3":"status-publish","4":"has-post-thumbnail","6":"product_cat-ar-cabine","7":"product_cat-ar-motor","8":"product_cat-combustivel","9":"product_cat-filtros","10":"product_cat-oleo-lubrificante-do-motor","12":"first","13":"instock","14":"shipping-taxable","15":"product-type-simple"},"_links":{"self":[{"href":"https:\/\/www.mundialsc.com.br\/loja\/wp-json\/wp\/v2\/product\/9717","targetHints":{"allow":["GET"]}}],"collection":[{"href":"https:\/\/www.mundialsc.com.br\/loja\/wp-json\/wp\/v2\/product"}],"about":[{"href":"https:\/\/www.mundialsc.com.br\/loja\/wp-json\/wp\/v2\/types\/product"}],"wp:featuredmedia":[{"embeddable":true,"href":"https:\/\/www.mundialsc.com.br\/loja\/wp-json\/wp\/v2\/media\/9713"}],"wp:attachment":[{"href":"https:\/\/www.mundialsc.com.br\/loja\/wp-json\/wp\/v2\/media?parent=9717"}],"wp:term":[{"taxonomy":"product_brand","embeddable":true,"href":"https:\/\/www.mundialsc.com.br\/loja\/wp-json\/wp\/v2\/product_brand?post=9717"},{"taxonomy":"product_cat","embeddable":true,"href":"https:\/\/www.mundialsc.com.br\/loja\/wp-json\/wp\/v2\/product_cat?post=9717"},{"taxonomy":"product_tag","embeddable":true,"href":"https:\/\/www.mundialsc.com.br\/loja\/wp-json\/wp\/v2\/product_tag?post=9717"}],"curies":[{"name":"wp","href":"https:\/\/api.w.org\/{rel}","templated":true}]}}