{"id":9704,"date":"2023-06-06T16:37:22","date_gmt":"2023-06-06T19:37:22","guid":{"rendered":"https:\/\/www.mundialsc.com.br\/loja\/?post_type=product&#038;p=9704"},"modified":"2023-06-06T16:47:38","modified_gmt":"2023-06-06T19:47:38","slug":"bomba-de-oleo-ssangyong-kyron-2-0","status":"publish","type":"product","link":"https:\/\/www.mundialsc.com.br\/loja\/produto\/bomba-de-oleo-ssangyong-kyron-2-0\/","title":{"rendered":"Bomba de \u00d3leo Ssangyong Kyron 2.0"},"content":{"rendered":"<p>Bomba de \u00f3leo lubrificante do motor<br \/>\nC\u00f3digo Original: 6641800401<br \/>\nC\u00f3digo Interno: 0401<\/p>\n<p>Aplica\u00e7\u00e3o:<\/p>\n<p>SSANGYONG<\/p>\n<p>KYRON 2.0<\/p>\n","protected":false},"excerpt":{"rendered":"<p>Bomba de \u00f3leo lubrificante do motor C\u00f3digo Original: 6641800401 C\u00f3digo Interno: 0401 Aplica\u00e7\u00e3o: SSANGYONG KYRON 2.0<\/p>\n","protected":false},"featured_media":0,"template":"","meta":[],"product_brand":[],"product_cat":[198,42],"product_tag":[],"class_list":{"0":"post-9704","1":"product","2":"type-product","3":"status-publish","5":"product_cat-bomba-de-oleo","6":"product_cat-motor","8":"first","9":"instock","10":"shipping-taxable","11":"product-type-simple"},"_links":{"self":[{"href":"https:\/\/www.mundialsc.com.br\/loja\/wp-json\/wp\/v2\/product\/9704","targetHints":{"allow":["GET"]}}],"collection":[{"href":"https:\/\/www.mundialsc.com.br\/loja\/wp-json\/wp\/v2\/product"}],"about":[{"href":"https:\/\/www.mundialsc.com.br\/loja\/wp-json\/wp\/v2\/types\/product"}],"wp:attachment":[{"href":"https:\/\/www.mundialsc.com.br\/loja\/wp-json\/wp\/v2\/media?parent=9704"}],"wp:term":[{"taxonomy":"product_brand","embeddable":true,"href":"https:\/\/www.mundialsc.com.br\/loja\/wp-json\/wp\/v2\/product_brand?post=9704"},{"taxonomy":"product_cat","embeddable":true,"href":"https:\/\/www.mundialsc.com.br\/loja\/wp-json\/wp\/v2\/product_cat?post=9704"},{"taxonomy":"product_tag","embeddable":true,"href":"https:\/\/www.mundialsc.com.br\/loja\/wp-json\/wp\/v2\/product_tag?post=9704"}],"curies":[{"name":"wp","href":"https:\/\/api.w.org\/{rel}","templated":true}]}}