{"id":9702,"date":"2023-06-06T16:14:04","date_gmt":"2023-06-06T19:14:04","guid":{"rendered":"https:\/\/www.mundialsc.com.br\/loja\/?post_type=product&#038;p=9702"},"modified":"2023-06-06T16:35:23","modified_gmt":"2023-06-06T19:35:23","slug":"bomba-de-oleo-ssangyong-actyon-suv-2-0","status":"publish","type":"product","link":"https:\/\/www.mundialsc.com.br\/loja\/produto\/bomba-de-oleo-ssangyong-actyon-suv-2-0\/","title":{"rendered":"Bomba de \u00d3leo Ssangyong Actyon Suv 2.0"},"content":{"rendered":"<p>Bomba de \u00f3leo lubrificante do motor<br \/>\nC\u00f3digo Original: 6641800401<br \/>\nC\u00f3digo Interno: 0401<\/p>\n<p>Aplica\u00e7\u00e3o:<\/p>\n<p>SSANGYONG<\/p>\n<p>ACTYON SUV 2.0<\/p>\n","protected":false},"excerpt":{"rendered":"<p>Bomba de \u00f3leo lubrificante do motor C\u00f3digo Original: 6641800401 C\u00f3digo Interno: 0401 Aplica\u00e7\u00e3o: SSANGYONG ACTYON SUV 2.0<\/p>\n","protected":false},"featured_media":0,"template":"","meta":[],"product_brand":[],"product_cat":[198,42],"product_tag":[],"class_list":{"0":"post-9702","1":"product","2":"type-product","3":"status-publish","5":"product_cat-bomba-de-oleo","6":"product_cat-motor","8":"first","9":"instock","10":"shipping-taxable","11":"product-type-simple"},"_links":{"self":[{"href":"https:\/\/www.mundialsc.com.br\/loja\/wp-json\/wp\/v2\/product\/9702","targetHints":{"allow":["GET"]}}],"collection":[{"href":"https:\/\/www.mundialsc.com.br\/loja\/wp-json\/wp\/v2\/product"}],"about":[{"href":"https:\/\/www.mundialsc.com.br\/loja\/wp-json\/wp\/v2\/types\/product"}],"wp:attachment":[{"href":"https:\/\/www.mundialsc.com.br\/loja\/wp-json\/wp\/v2\/media?parent=9702"}],"wp:term":[{"taxonomy":"product_brand","embeddable":true,"href":"https:\/\/www.mundialsc.com.br\/loja\/wp-json\/wp\/v2\/product_brand?post=9702"},{"taxonomy":"product_cat","embeddable":true,"href":"https:\/\/www.mundialsc.com.br\/loja\/wp-json\/wp\/v2\/product_cat?post=9702"},{"taxonomy":"product_tag","embeddable":true,"href":"https:\/\/www.mundialsc.com.br\/loja\/wp-json\/wp\/v2\/product_tag?post=9702"}],"curies":[{"name":"wp","href":"https:\/\/api.w.org\/{rel}","templated":true}]}}