{"id":9697,"date":"2023-05-24T10:04:37","date_gmt":"2023-05-24T13:04:37","guid":{"rendered":"https:\/\/www.mundialsc.com.br\/loja\/?post_type=product&#038;p=9697"},"modified":"2023-05-26T09:30:27","modified_gmt":"2023-05-26T12:30:27","slug":"kit-corrente-distribuicao-ssangyong-kyron-2-0","status":"publish","type":"product","link":"https:\/\/www.mundialsc.com.br\/loja\/produto\/kit-corrente-distribuicao-ssangyong-kyron-2-0\/","title":{"rendered":"Kit Corrente Distribui\u00e7\u00e3o Ssangyong Kyron 2.0"},"content":{"rendered":"<p>Kit Corrente Distribui\u00e7\u00e3o<br \/>\nC\u00f3digo Interno: MKT980R<\/p>\n<p>Aplica\u00e7\u00e3o:<\/p>\n<p>SSANGYONG<\/p>\n<p>KYRON 2.0<\/p>\n","protected":false},"excerpt":{"rendered":"<p>Kit Corrente Distribui\u00e7\u00e3o C\u00f3digo Interno: MKT980R Aplica\u00e7\u00e3o: SSANGYONG KYRON 2.0<\/p>\n","protected":false},"featured_media":9698,"template":"","meta":[],"product_brand":[],"product_cat":[109,199,119,42],"product_tag":[],"class_list":{"0":"post-9697","1":"product","2":"type-product","3":"status-publish","4":"has-post-thumbnail","6":"product_cat-corrente","7":"product_cat-engrenagem-motor","8":"product_cat-guia","9":"product_cat-motor","11":"first","12":"instock","13":"shipping-taxable","14":"product-type-simple"},"_links":{"self":[{"href":"https:\/\/www.mundialsc.com.br\/loja\/wp-json\/wp\/v2\/product\/9697","targetHints":{"allow":["GET"]}}],"collection":[{"href":"https:\/\/www.mundialsc.com.br\/loja\/wp-json\/wp\/v2\/product"}],"about":[{"href":"https:\/\/www.mundialsc.com.br\/loja\/wp-json\/wp\/v2\/types\/product"}],"wp:featuredmedia":[{"embeddable":true,"href":"https:\/\/www.mundialsc.com.br\/loja\/wp-json\/wp\/v2\/media\/9698"}],"wp:attachment":[{"href":"https:\/\/www.mundialsc.com.br\/loja\/wp-json\/wp\/v2\/media?parent=9697"}],"wp:term":[{"taxonomy":"product_brand","embeddable":true,"href":"https:\/\/www.mundialsc.com.br\/loja\/wp-json\/wp\/v2\/product_brand?post=9697"},{"taxonomy":"product_cat","embeddable":true,"href":"https:\/\/www.mundialsc.com.br\/loja\/wp-json\/wp\/v2\/product_cat?post=9697"},{"taxonomy":"product_tag","embeddable":true,"href":"https:\/\/www.mundialsc.com.br\/loja\/wp-json\/wp\/v2\/product_tag?post=9697"}],"curies":[{"name":"wp","href":"https:\/\/api.w.org\/{rel}","templated":true}]}}