{"id":9689,"date":"2023-05-05T09:51:19","date_gmt":"2023-05-05T12:51:19","guid":{"rendered":"https:\/\/www.mundialsc.com.br\/loja\/?post_type=product&#038;p=9689"},"modified":"2023-05-05T09:54:05","modified_gmt":"2023-05-05T12:54:05","slug":"turbina-lander-rover-defender-2-4-tdci","status":"publish","type":"product","link":"https:\/\/www.mundialsc.com.br\/loja\/produto\/turbina-lander-rover-defender-2-4-tdci\/","title":{"rendered":"Turbina Lander Rover Defender 2.4 TDCI"},"content":{"rendered":"<p>Turbina<br \/>\nC\u00f3digo Original: LR021013<br \/>\nC\u00f3digo Interno: ETCF1192AT<br \/>\nFOTO ILUSTRATIVA<\/p>\n<p>Aplica\u00e7\u00e3o:<\/p>\n<p>LAND ROVER<\/p>\n<p>DEFENDER 2.4 TDCI 2007 A 2011<\/p>\n","protected":false},"excerpt":{"rendered":"<p>Turbina C\u00f3digo Original: LR021013 C\u00f3digo Interno: ETCF1192AT FOTO ILUSTRATIVA Aplica\u00e7\u00e3o: LAND ROVER DEFENDER 2.4 TDCI 2007 A 2011<\/p>\n","protected":false},"featured_media":9690,"template":"","meta":[],"product_brand":[],"product_cat":[42,96],"product_tag":[],"class_list":{"0":"post-9689","1":"product","2":"type-product","3":"status-publish","4":"has-post-thumbnail","6":"product_cat-motor","7":"product_cat-turbina","9":"first","10":"instock","11":"shipping-taxable","12":"product-type-simple"},"_links":{"self":[{"href":"https:\/\/www.mundialsc.com.br\/loja\/wp-json\/wp\/v2\/product\/9689","targetHints":{"allow":["GET"]}}],"collection":[{"href":"https:\/\/www.mundialsc.com.br\/loja\/wp-json\/wp\/v2\/product"}],"about":[{"href":"https:\/\/www.mundialsc.com.br\/loja\/wp-json\/wp\/v2\/types\/product"}],"wp:featuredmedia":[{"embeddable":true,"href":"https:\/\/www.mundialsc.com.br\/loja\/wp-json\/wp\/v2\/media\/9690"}],"wp:attachment":[{"href":"https:\/\/www.mundialsc.com.br\/loja\/wp-json\/wp\/v2\/media?parent=9689"}],"wp:term":[{"taxonomy":"product_brand","embeddable":true,"href":"https:\/\/www.mundialsc.com.br\/loja\/wp-json\/wp\/v2\/product_brand?post=9689"},{"taxonomy":"product_cat","embeddable":true,"href":"https:\/\/www.mundialsc.com.br\/loja\/wp-json\/wp\/v2\/product_cat?post=9689"},{"taxonomy":"product_tag","embeddable":true,"href":"https:\/\/www.mundialsc.com.br\/loja\/wp-json\/wp\/v2\/product_tag?post=9689"}],"curies":[{"name":"wp","href":"https:\/\/api.w.org\/{rel}","templated":true}]}}