{"id":9679,"date":"2023-05-04T15:42:17","date_gmt":"2023-05-04T18:42:17","guid":{"rendered":"https:\/\/www.mundialsc.com.br\/loja\/?post_type=product&#038;p=9679"},"modified":"2023-07-13T10:42:44","modified_gmt":"2023-07-13T13:42:44","slug":"turbina-hyundai-hr-d4cb","status":"publish","type":"product","link":"https:\/\/www.mundialsc.com.br\/loja\/produto\/turbina-hyundai-hr-d4cb\/","title":{"rendered":"Turbina Hyundai HR 2.5 D4CB Euro 5"},"content":{"rendered":"<p>Turbina<br \/>\nC\u00f3digo Original: 282314A850<br \/>\nC\u00f3digo Interno: 1070F<br \/>\nFOTO ILUSTRATIVA<\/p>\n<p>Aplica\u00e7\u00e3o:<\/p>\n<p>HYUNDAI<\/p>\n<p>HR D4CB EURO 5 2013 EM DIANTE<\/p>\n","protected":false},"excerpt":{"rendered":"<p>Turbina C\u00f3digo Original: 282314A850 C\u00f3digo Interno: 1070F FOTO ILUSTRATIVA Aplica\u00e7\u00e3o: HYUNDAI HR D4CB EURO 5 2013 EM DIANTE<\/p>\n","protected":false},"featured_media":9680,"template":"","meta":[],"product_brand":[],"product_cat":[42,96],"product_tag":[],"class_list":{"0":"post-9679","1":"product","2":"type-product","3":"status-publish","4":"has-post-thumbnail","6":"product_cat-motor","7":"product_cat-turbina","9":"first","10":"instock","11":"shipping-taxable","12":"product-type-simple"},"_links":{"self":[{"href":"https:\/\/www.mundialsc.com.br\/loja\/wp-json\/wp\/v2\/product\/9679","targetHints":{"allow":["GET"]}}],"collection":[{"href":"https:\/\/www.mundialsc.com.br\/loja\/wp-json\/wp\/v2\/product"}],"about":[{"href":"https:\/\/www.mundialsc.com.br\/loja\/wp-json\/wp\/v2\/types\/product"}],"wp:featuredmedia":[{"embeddable":true,"href":"https:\/\/www.mundialsc.com.br\/loja\/wp-json\/wp\/v2\/media\/9680"}],"wp:attachment":[{"href":"https:\/\/www.mundialsc.com.br\/loja\/wp-json\/wp\/v2\/media?parent=9679"}],"wp:term":[{"taxonomy":"product_brand","embeddable":true,"href":"https:\/\/www.mundialsc.com.br\/loja\/wp-json\/wp\/v2\/product_brand?post=9679"},{"taxonomy":"product_cat","embeddable":true,"href":"https:\/\/www.mundialsc.com.br\/loja\/wp-json\/wp\/v2\/product_cat?post=9679"},{"taxonomy":"product_tag","embeddable":true,"href":"https:\/\/www.mundialsc.com.br\/loja\/wp-json\/wp\/v2\/product_tag?post=9679"}],"curies":[{"name":"wp","href":"https:\/\/api.w.org\/{rel}","templated":true}]}}