{"id":9675,"date":"2023-05-04T14:27:06","date_gmt":"2023-05-04T17:27:06","guid":{"rendered":"https:\/\/www.mundialsc.com.br\/loja\/?post_type=product&#038;p=9675"},"modified":"2023-05-04T14:34:21","modified_gmt":"2023-05-04T17:34:21","slug":"turbina-chevrolet-s10-2-8-mwm-mecanica","status":"publish","type":"product","link":"https:\/\/www.mundialsc.com.br\/loja\/produto\/turbina-chevrolet-s10-2-8-mwm-mecanica\/","title":{"rendered":"Turbina Chevrolet S10 2.8 Mwm Mec\u00e2nica"},"content":{"rendered":"<p>Turbina<br \/>\nC\u00f3digo Original: 905292010068-02<br \/>\nC\u00f3digo Interno: ETCF1138<br \/>\nFOTO ILUSTRATIVA<\/p>\n<p>Aplica\u00e7\u00e3o:<\/p>\n<p>CHEVROLET<\/p>\n<p>S.10 2.8 MWM MEC\u00c2NICA<\/p>\n","protected":false},"excerpt":{"rendered":"<p>Turbina C\u00f3digo Original: 905292010068-02 C\u00f3digo Interno: ETCF1138 FOTO ILUSTRATIVA Aplica\u00e7\u00e3o: CHEVROLET S.10 2.8 MWM MEC\u00c2NICA<\/p>\n","protected":false},"featured_media":9676,"template":"","meta":[],"product_brand":[],"product_cat":[42,96],"product_tag":[],"class_list":{"0":"post-9675","1":"product","2":"type-product","3":"status-publish","4":"has-post-thumbnail","6":"product_cat-motor","7":"product_cat-turbina","9":"first","10":"instock","11":"shipping-taxable","12":"product-type-simple"},"_links":{"self":[{"href":"https:\/\/www.mundialsc.com.br\/loja\/wp-json\/wp\/v2\/product\/9675","targetHints":{"allow":["GET"]}}],"collection":[{"href":"https:\/\/www.mundialsc.com.br\/loja\/wp-json\/wp\/v2\/product"}],"about":[{"href":"https:\/\/www.mundialsc.com.br\/loja\/wp-json\/wp\/v2\/types\/product"}],"wp:featuredmedia":[{"embeddable":true,"href":"https:\/\/www.mundialsc.com.br\/loja\/wp-json\/wp\/v2\/media\/9676"}],"wp:attachment":[{"href":"https:\/\/www.mundialsc.com.br\/loja\/wp-json\/wp\/v2\/media?parent=9675"}],"wp:term":[{"taxonomy":"product_brand","embeddable":true,"href":"https:\/\/www.mundialsc.com.br\/loja\/wp-json\/wp\/v2\/product_brand?post=9675"},{"taxonomy":"product_cat","embeddable":true,"href":"https:\/\/www.mundialsc.com.br\/loja\/wp-json\/wp\/v2\/product_cat?post=9675"},{"taxonomy":"product_tag","embeddable":true,"href":"https:\/\/www.mundialsc.com.br\/loja\/wp-json\/wp\/v2\/product_tag?post=9675"}],"curies":[{"name":"wp","href":"https:\/\/api.w.org\/{rel}","templated":true}]}}