{"id":9673,"date":"2023-05-03T17:20:17","date_gmt":"2023-05-03T20:20:17","guid":{"rendered":"https:\/\/www.mundialsc.com.br\/loja\/?post_type=product&#038;p=9673"},"modified":"2023-05-03T17:20:40","modified_gmt":"2023-05-03T20:20:40","slug":"turbina-ford-cargo-1517-e-euro-3","status":"publish","type":"product","link":"https:\/\/www.mundialsc.com.br\/loja\/produto\/turbina-ford-cargo-1517-e-euro-3\/","title":{"rendered":"Turbina Ford Cargo 1517 E Euro 3"},"content":{"rendered":"<p>Turbina<br \/>\nC\u00f3digo Original: 53169887215<br \/>\nC\u00f3digo Interno: ETCF1027F<br \/>\nFOTO ILUSTRATIVA<\/p>\n<p>Aplica\u00e7\u00e3o:<\/p>\n<p>FORD<\/p>\n<p>CARGO 1517 E EURO 3<\/p>\n","protected":false},"excerpt":{"rendered":"<p>Turbina C\u00f3digo Original: 53169887215 C\u00f3digo Interno: ETCF1027F FOTO ILUSTRATIVA Aplica\u00e7\u00e3o: FORD CARGO 1517 E EURO 3<\/p>\n","protected":false},"featured_media":9667,"template":"","meta":[],"product_brand":[],"product_cat":[42,96],"product_tag":[],"class_list":{"0":"post-9673","1":"product","2":"type-product","3":"status-publish","4":"has-post-thumbnail","6":"product_cat-motor","7":"product_cat-turbina","9":"first","10":"instock","11":"shipping-taxable","12":"product-type-simple"},"_links":{"self":[{"href":"https:\/\/www.mundialsc.com.br\/loja\/wp-json\/wp\/v2\/product\/9673","targetHints":{"allow":["GET"]}}],"collection":[{"href":"https:\/\/www.mundialsc.com.br\/loja\/wp-json\/wp\/v2\/product"}],"about":[{"href":"https:\/\/www.mundialsc.com.br\/loja\/wp-json\/wp\/v2\/types\/product"}],"wp:featuredmedia":[{"embeddable":true,"href":"https:\/\/www.mundialsc.com.br\/loja\/wp-json\/wp\/v2\/media\/9667"}],"wp:attachment":[{"href":"https:\/\/www.mundialsc.com.br\/loja\/wp-json\/wp\/v2\/media?parent=9673"}],"wp:term":[{"taxonomy":"product_brand","embeddable":true,"href":"https:\/\/www.mundialsc.com.br\/loja\/wp-json\/wp\/v2\/product_brand?post=9673"},{"taxonomy":"product_cat","embeddable":true,"href":"https:\/\/www.mundialsc.com.br\/loja\/wp-json\/wp\/v2\/product_cat?post=9673"},{"taxonomy":"product_tag","embeddable":true,"href":"https:\/\/www.mundialsc.com.br\/loja\/wp-json\/wp\/v2\/product_tag?post=9673"}],"curies":[{"name":"wp","href":"https:\/\/api.w.org\/{rel}","templated":true}]}}