{"id":9643,"date":"2023-05-02T16:24:46","date_gmt":"2023-05-02T19:24:46","guid":{"rendered":"https:\/\/www.mundialsc.com.br\/loja\/?post_type=product&#038;p=9643"},"modified":"2023-05-03T14:28:01","modified_gmt":"2023-05-03T17:28:01","slug":"turbina-ford-ranger-3-2-euro-5","status":"publish","type":"product","link":"https:\/\/www.mundialsc.com.br\/loja\/produto\/turbina-ford-ranger-3-2-euro-5\/","title":{"rendered":"Turbina Ford Ranger 3.2 Euro 5"},"content":{"rendered":"<p>Turbina<br \/>\nC\u00f3digo Original: 8129710002<br \/>\nC\u00f3digo Interno: ETCF1127-ATF<br \/>\nFOTO ILUSTRATIVA<\/p>\n<p>Aplica\u00e7\u00e3o:<\/p>\n<p>FORD<\/p>\n<p>RANGER 3.2 EURO 5 2012 A 2016<\/p>\n","protected":false},"excerpt":{"rendered":"<p>Turbina C\u00f3digo Original: 8129710002 C\u00f3digo Interno: ETCF1127-ATF FOTO ILUSTRATIVA Aplica\u00e7\u00e3o: FORD RANGER 3.2 EURO 5 2012 A 2016<\/p>\n","protected":false},"featured_media":9647,"template":"","meta":[],"product_brand":[],"product_cat":[42,96],"product_tag":[],"class_list":{"0":"post-9643","1":"product","2":"type-product","3":"status-publish","4":"has-post-thumbnail","6":"product_cat-motor","7":"product_cat-turbina","9":"first","10":"instock","11":"shipping-taxable","12":"product-type-simple"},"_links":{"self":[{"href":"https:\/\/www.mundialsc.com.br\/loja\/wp-json\/wp\/v2\/product\/9643","targetHints":{"allow":["GET"]}}],"collection":[{"href":"https:\/\/www.mundialsc.com.br\/loja\/wp-json\/wp\/v2\/product"}],"about":[{"href":"https:\/\/www.mundialsc.com.br\/loja\/wp-json\/wp\/v2\/types\/product"}],"wp:featuredmedia":[{"embeddable":true,"href":"https:\/\/www.mundialsc.com.br\/loja\/wp-json\/wp\/v2\/media\/9647"}],"wp:attachment":[{"href":"https:\/\/www.mundialsc.com.br\/loja\/wp-json\/wp\/v2\/media?parent=9643"}],"wp:term":[{"taxonomy":"product_brand","embeddable":true,"href":"https:\/\/www.mundialsc.com.br\/loja\/wp-json\/wp\/v2\/product_brand?post=9643"},{"taxonomy":"product_cat","embeddable":true,"href":"https:\/\/www.mundialsc.com.br\/loja\/wp-json\/wp\/v2\/product_cat?post=9643"},{"taxonomy":"product_tag","embeddable":true,"href":"https:\/\/www.mundialsc.com.br\/loja\/wp-json\/wp\/v2\/product_tag?post=9643"}],"curies":[{"name":"wp","href":"https:\/\/api.w.org\/{rel}","templated":true}]}}