{"id":9632,"date":"2023-04-20T14:34:47","date_gmt":"2023-04-20T17:34:47","guid":{"rendered":"https:\/\/www.mundialsc.com.br\/loja\/?post_type=product&#038;p=9632"},"modified":"2023-04-20T14:34:48","modified_gmt":"2023-04-20T17:34:48","slug":"turbina-dodge-ram-2500-5-9","status":"publish","type":"product","link":"https:\/\/www.mundialsc.com.br\/loja\/produto\/turbina-dodge-ram-2500-5-9\/","title":{"rendered":"Turbina Dodge Ram 2500 5.9"},"content":{"rendered":"<p>Turbina<br \/>\nC\u00f3digo Original: R5143256AA<br \/>\nC\u00f3digo Interno: ETCF1406<br \/>\nFOTO ILUSTRATIVA<\/p>\n<p>Aplica\u00e7\u00e3o:<\/p>\n<p>DODGE<\/p>\n<p>RAM 2500 <\/p>\n","protected":false},"excerpt":{"rendered":"<p>Turbina C\u00f3digo Original: R5143256AA C\u00f3digo Interno: ETCF1406 FOTO ILUSTRATIVA Aplica\u00e7\u00e3o: DODGE RAM 2500<\/p>\n","protected":false},"featured_media":9633,"template":"","meta":[],"product_brand":[],"product_cat":[15],"product_tag":[],"class_list":{"0":"post-9632","1":"product","2":"type-product","3":"status-publish","4":"has-post-thumbnail","6":"product_cat-outros","8":"first","9":"instock","10":"shipping-taxable","11":"product-type-simple"},"_links":{"self":[{"href":"https:\/\/www.mundialsc.com.br\/loja\/wp-json\/wp\/v2\/product\/9632","targetHints":{"allow":["GET"]}}],"collection":[{"href":"https:\/\/www.mundialsc.com.br\/loja\/wp-json\/wp\/v2\/product"}],"about":[{"href":"https:\/\/www.mundialsc.com.br\/loja\/wp-json\/wp\/v2\/types\/product"}],"wp:featuredmedia":[{"embeddable":true,"href":"https:\/\/www.mundialsc.com.br\/loja\/wp-json\/wp\/v2\/media\/9633"}],"wp:attachment":[{"href":"https:\/\/www.mundialsc.com.br\/loja\/wp-json\/wp\/v2\/media?parent=9632"}],"wp:term":[{"taxonomy":"product_brand","embeddable":true,"href":"https:\/\/www.mundialsc.com.br\/loja\/wp-json\/wp\/v2\/product_brand?post=9632"},{"taxonomy":"product_cat","embeddable":true,"href":"https:\/\/www.mundialsc.com.br\/loja\/wp-json\/wp\/v2\/product_cat?post=9632"},{"taxonomy":"product_tag","embeddable":true,"href":"https:\/\/www.mundialsc.com.br\/loja\/wp-json\/wp\/v2\/product_tag?post=9632"}],"curies":[{"name":"wp","href":"https:\/\/api.w.org\/{rel}","templated":true}]}}