{"id":9631,"date":"2023-04-20T14:05:44","date_gmt":"2023-04-20T17:05:44","guid":{"rendered":"https:\/\/www.mundialsc.com.br\/loja\/?post_type=product&#038;p=9631"},"modified":"2023-04-20T14:06:12","modified_gmt":"2023-04-20T17:06:12","slug":"turbina-citroen-c4-lounge-1-6","status":"publish","type":"product","link":"https:\/\/www.mundialsc.com.br\/loja\/produto\/turbina-citroen-c4-lounge-1-6\/","title":{"rendered":"Turbina Citroen C4 Lounge 1.6"},"content":{"rendered":"<p>Turbina<br \/>\nC\u00f3digo Original: v75807898001<br \/>\nC\u00f3digo Interno: ETCF0425<br \/>\nFOTO ILUSTRATIVA<\/p>\n<p>Aplica\u00e7\u00e3o:<\/p>\n<p>CITROEN<\/p>\n<p>C4 Lounge 1.6<\/p>\n","protected":false},"excerpt":{"rendered":"<p>Turbina C\u00f3digo Original: v75807898001 C\u00f3digo Interno: ETCF0425 FOTO ILUSTRATIVA Aplica\u00e7\u00e3o: CITROEN C4 Lounge 1.6<\/p>\n","protected":false},"featured_media":9624,"template":"","meta":[],"product_brand":[],"product_cat":[42,96],"product_tag":[],"class_list":{"0":"post-9631","1":"product","2":"type-product","3":"status-publish","4":"has-post-thumbnail","6":"product_cat-motor","7":"product_cat-turbina","9":"first","10":"instock","11":"shipping-taxable","12":"product-type-simple"},"_links":{"self":[{"href":"https:\/\/www.mundialsc.com.br\/loja\/wp-json\/wp\/v2\/product\/9631","targetHints":{"allow":["GET"]}}],"collection":[{"href":"https:\/\/www.mundialsc.com.br\/loja\/wp-json\/wp\/v2\/product"}],"about":[{"href":"https:\/\/www.mundialsc.com.br\/loja\/wp-json\/wp\/v2\/types\/product"}],"wp:featuredmedia":[{"embeddable":true,"href":"https:\/\/www.mundialsc.com.br\/loja\/wp-json\/wp\/v2\/media\/9624"}],"wp:attachment":[{"href":"https:\/\/www.mundialsc.com.br\/loja\/wp-json\/wp\/v2\/media?parent=9631"}],"wp:term":[{"taxonomy":"product_brand","embeddable":true,"href":"https:\/\/www.mundialsc.com.br\/loja\/wp-json\/wp\/v2\/product_brand?post=9631"},{"taxonomy":"product_cat","embeddable":true,"href":"https:\/\/www.mundialsc.com.br\/loja\/wp-json\/wp\/v2\/product_cat?post=9631"},{"taxonomy":"product_tag","embeddable":true,"href":"https:\/\/www.mundialsc.com.br\/loja\/wp-json\/wp\/v2\/product_tag?post=9631"}],"curies":[{"name":"wp","href":"https:\/\/api.w.org\/{rel}","templated":true}]}}