{"id":9606,"date":"2023-03-15T15:46:53","date_gmt":"2023-03-15T18:46:53","guid":{"rendered":"https:\/\/www.mundialsc.com.br\/loja\/?post_type=product&#038;p=9606"},"modified":"2023-03-15T15:47:21","modified_gmt":"2023-03-15T18:47:21","slug":"tampa-de-valvula-bmw-320i","status":"publish","type":"product","link":"https:\/\/www.mundialsc.com.br\/loja\/produto\/tampa-de-valvula-bmw-320i\/","title":{"rendered":"Tampa De V\u00e1lvula Bmw 320i"},"content":{"rendered":"<p>Tampa de V\u00e1lvula<br \/>\nC\u00f3digo Original: 11127588412<br \/>\nC\u00f3digo Interno: 010-400<\/p>\n<p>Aplica\u00e7\u00e3o:<\/p>\n<p>BMW<\/p>\n<p>320I N20 2012-2018 2.0 16v<\/p>\n","protected":false},"excerpt":{"rendered":"<p>Tampa de V\u00e1lvula C\u00f3digo Original: 11127588412 C\u00f3digo Interno: 010-400 Aplica\u00e7\u00e3o: BMW 320I N20 2012-2018 2.0 16v<\/p>\n","protected":false},"featured_media":9602,"template":"","meta":[],"product_brand":[],"product_cat":[42,257],"product_tag":[],"class_list":{"0":"post-9606","1":"product","2":"type-product","3":"status-publish","4":"has-post-thumbnail","6":"product_cat-motor","7":"product_cat-tampa-de-valvula","9":"first","10":"instock","11":"shipping-taxable","12":"product-type-simple"},"_links":{"self":[{"href":"https:\/\/www.mundialsc.com.br\/loja\/wp-json\/wp\/v2\/product\/9606","targetHints":{"allow":["GET"]}}],"collection":[{"href":"https:\/\/www.mundialsc.com.br\/loja\/wp-json\/wp\/v2\/product"}],"about":[{"href":"https:\/\/www.mundialsc.com.br\/loja\/wp-json\/wp\/v2\/types\/product"}],"wp:featuredmedia":[{"embeddable":true,"href":"https:\/\/www.mundialsc.com.br\/loja\/wp-json\/wp\/v2\/media\/9602"}],"wp:attachment":[{"href":"https:\/\/www.mundialsc.com.br\/loja\/wp-json\/wp\/v2\/media?parent=9606"}],"wp:term":[{"taxonomy":"product_brand","embeddable":true,"href":"https:\/\/www.mundialsc.com.br\/loja\/wp-json\/wp\/v2\/product_brand?post=9606"},{"taxonomy":"product_cat","embeddable":true,"href":"https:\/\/www.mundialsc.com.br\/loja\/wp-json\/wp\/v2\/product_cat?post=9606"},{"taxonomy":"product_tag","embeddable":true,"href":"https:\/\/www.mundialsc.com.br\/loja\/wp-json\/wp\/v2\/product_tag?post=9606"}],"curies":[{"name":"wp","href":"https:\/\/api.w.org\/{rel}","templated":true}]}}