{"id":9585,"date":"2023-03-06T16:11:28","date_gmt":"2023-03-06T19:11:28","guid":{"rendered":"https:\/\/www.mundialsc.com.br\/loja\/?post_type=product&#038;p=9585"},"modified":"2023-03-06T16:11:28","modified_gmt":"2023-03-06T19:11:28","slug":"bomba-direcao-hidraulica-ford-ranger-2-2-e-3-2-diesel","status":"publish","type":"product","link":"https:\/\/www.mundialsc.com.br\/loja\/produto\/bomba-direcao-hidraulica-ford-ranger-2-2-e-3-2-diesel\/","title":{"rendered":"Bomba Dire\u00e7\u00e3o Hidr\u00e1ulica Ford Ranger 2.2 e 3.2 Diesel"},"content":{"rendered":"<p>Bomba Dire\u00e7\u00e3o Hidr\u00e1ulica<br \/>\nC\u00f3digo Original: AB313A696A<br \/>\nC\u00f3digo Interno: 7115840<\/p>\n<p>Aplica\u00e7\u00e3o:<\/p>\n<p>FORD<\/p>\n<p>RANGER 2.2 E 3.2 DIESEL 2012 EM DIANTE<\/p>\n","protected":false},"excerpt":{"rendered":"<p>Bomba Dire\u00e7\u00e3o Hidr\u00e1ulica C\u00f3digo Original: AB313A696A C\u00f3digo Interno: 7115840 Aplica\u00e7\u00e3o: FORD RANGER 2.2 E 3.2 DIESEL 2012 EM DIANTE<\/p>\n","protected":false},"featured_media":9587,"template":"","meta":[],"product_brand":[],"product_cat":[131,85],"product_tag":[],"class_list":{"0":"post-9585","1":"product","2":"type-product","3":"status-publish","4":"has-post-thumbnail","6":"product_cat-bomba","7":"product_cat-direcao","9":"first","10":"instock","11":"shipping-taxable","12":"product-type-simple"},"_links":{"self":[{"href":"https:\/\/www.mundialsc.com.br\/loja\/wp-json\/wp\/v2\/product\/9585","targetHints":{"allow":["GET"]}}],"collection":[{"href":"https:\/\/www.mundialsc.com.br\/loja\/wp-json\/wp\/v2\/product"}],"about":[{"href":"https:\/\/www.mundialsc.com.br\/loja\/wp-json\/wp\/v2\/types\/product"}],"wp:featuredmedia":[{"embeddable":true,"href":"https:\/\/www.mundialsc.com.br\/loja\/wp-json\/wp\/v2\/media\/9587"}],"wp:attachment":[{"href":"https:\/\/www.mundialsc.com.br\/loja\/wp-json\/wp\/v2\/media?parent=9585"}],"wp:term":[{"taxonomy":"product_brand","embeddable":true,"href":"https:\/\/www.mundialsc.com.br\/loja\/wp-json\/wp\/v2\/product_brand?post=9585"},{"taxonomy":"product_cat","embeddable":true,"href":"https:\/\/www.mundialsc.com.br\/loja\/wp-json\/wp\/v2\/product_cat?post=9585"},{"taxonomy":"product_tag","embeddable":true,"href":"https:\/\/www.mundialsc.com.br\/loja\/wp-json\/wp\/v2\/product_tag?post=9585"}],"curies":[{"name":"wp","href":"https:\/\/api.w.org\/{rel}","templated":true}]}}