{"id":9581,"date":"2023-03-06T15:33:15","date_gmt":"2023-03-06T18:33:15","guid":{"rendered":"https:\/\/www.mundialsc.com.br\/loja\/?post_type=product&#038;p=9581"},"modified":"2023-03-06T15:33:16","modified_gmt":"2023-03-06T18:33:16","slug":"bomba-direcao-hidraulica-chevrolet-s10-2-2-efi-gasolina","status":"publish","type":"product","link":"https:\/\/www.mundialsc.com.br\/loja\/produto\/bomba-direcao-hidraulica-chevrolet-s10-2-2-efi-gasolina\/","title":{"rendered":"Bomba Dire\u00e7\u00e3o Hidr\u00e1ulica Chevrolet S10 2.2 EFI Gasolina"},"content":{"rendered":"<p>Bomba Dire\u00e7\u00e3o Hidr\u00e1ulica<br \/>\nC\u00f3digo Original: XXX<br \/>\nC\u00f3digo Interno: 7111825800Z<\/p>\n<p>Aplica\u00e7\u00e3o:<\/p>\n<p>CHEVROLET<\/p>\n<p>S10 2.2 EFI GASOLINA<\/p>\n","protected":false},"excerpt":{"rendered":"<p>Bomba Dire\u00e7\u00e3o Hidr\u00e1ulica C\u00f3digo Original: XXX C\u00f3digo Interno: 7111825800Z Aplica\u00e7\u00e3o: CHEVROLET S10 2.2 EFI GASOLINA<\/p>\n","protected":false},"featured_media":9582,"template":"","meta":[],"product_brand":[],"product_cat":[131,85],"product_tag":[],"class_list":{"0":"post-9581","1":"product","2":"type-product","3":"status-publish","4":"has-post-thumbnail","6":"product_cat-bomba","7":"product_cat-direcao","9":"first","10":"instock","11":"shipping-taxable","12":"product-type-simple"},"_links":{"self":[{"href":"https:\/\/www.mundialsc.com.br\/loja\/wp-json\/wp\/v2\/product\/9581","targetHints":{"allow":["GET"]}}],"collection":[{"href":"https:\/\/www.mundialsc.com.br\/loja\/wp-json\/wp\/v2\/product"}],"about":[{"href":"https:\/\/www.mundialsc.com.br\/loja\/wp-json\/wp\/v2\/types\/product"}],"wp:featuredmedia":[{"embeddable":true,"href":"https:\/\/www.mundialsc.com.br\/loja\/wp-json\/wp\/v2\/media\/9582"}],"wp:attachment":[{"href":"https:\/\/www.mundialsc.com.br\/loja\/wp-json\/wp\/v2\/media?parent=9581"}],"wp:term":[{"taxonomy":"product_brand","embeddable":true,"href":"https:\/\/www.mundialsc.com.br\/loja\/wp-json\/wp\/v2\/product_brand?post=9581"},{"taxonomy":"product_cat","embeddable":true,"href":"https:\/\/www.mundialsc.com.br\/loja\/wp-json\/wp\/v2\/product_cat?post=9581"},{"taxonomy":"product_tag","embeddable":true,"href":"https:\/\/www.mundialsc.com.br\/loja\/wp-json\/wp\/v2\/product_tag?post=9581"}],"curies":[{"name":"wp","href":"https:\/\/api.w.org\/{rel}","templated":true}]}}