{"id":9578,"date":"2023-03-06T15:20:18","date_gmt":"2023-03-06T18:20:18","guid":{"rendered":"https:\/\/www.mundialsc.com.br\/loja\/?post_type=product&#038;p=9578"},"modified":"2023-03-06T15:20:18","modified_gmt":"2023-03-06T18:20:18","slug":"bomba-direcao-hidraulica-mitsubishi-l200-hpe","status":"publish","type":"product","link":"https:\/\/www.mundialsc.com.br\/loja\/produto\/bomba-direcao-hidraulica-mitsubishi-l200-hpe\/","title":{"rendered":"Bomba Dire\u00e7\u00e3o Hidr\u00e1ulica Mitsubishi L200 HPE"},"content":{"rendered":"<p>Bomba Dire\u00e7\u00e3o Hidr\u00e1ulica<br \/>\nC\u00f3digo Original: MR374897<br \/>\nC\u00f3digo Interno: GBR7165800<\/p>\n<p>Aplica\u00e7\u00e3o:<\/p>\n<p>MITSUBISHI<\/p>\n<p>L200 HPE SPORT GL e GLS &#8211; Vers\u00f5es 4pk<\/p>\n","protected":false},"excerpt":{"rendered":"<p>Bomba Dire\u00e7\u00e3o Hidr\u00e1ulica C\u00f3digo Original: MR374897 C\u00f3digo Interno: GBR7165800 Aplica\u00e7\u00e3o: MITSUBISHI L200 HPE SPORT GL e GLS &#8211; Vers\u00f5es 4pk<\/p>\n","protected":false},"featured_media":9580,"template":"","meta":[],"product_brand":[],"product_cat":[131,85],"product_tag":[],"class_list":{"0":"post-9578","1":"product","2":"type-product","3":"status-publish","4":"has-post-thumbnail","6":"product_cat-bomba","7":"product_cat-direcao","9":"first","10":"instock","11":"shipping-taxable","12":"product-type-simple"},"_links":{"self":[{"href":"https:\/\/www.mundialsc.com.br\/loja\/wp-json\/wp\/v2\/product\/9578","targetHints":{"allow":["GET"]}}],"collection":[{"href":"https:\/\/www.mundialsc.com.br\/loja\/wp-json\/wp\/v2\/product"}],"about":[{"href":"https:\/\/www.mundialsc.com.br\/loja\/wp-json\/wp\/v2\/types\/product"}],"wp:featuredmedia":[{"embeddable":true,"href":"https:\/\/www.mundialsc.com.br\/loja\/wp-json\/wp\/v2\/media\/9580"}],"wp:attachment":[{"href":"https:\/\/www.mundialsc.com.br\/loja\/wp-json\/wp\/v2\/media?parent=9578"}],"wp:term":[{"taxonomy":"product_brand","embeddable":true,"href":"https:\/\/www.mundialsc.com.br\/loja\/wp-json\/wp\/v2\/product_brand?post=9578"},{"taxonomy":"product_cat","embeddable":true,"href":"https:\/\/www.mundialsc.com.br\/loja\/wp-json\/wp\/v2\/product_cat?post=9578"},{"taxonomy":"product_tag","embeddable":true,"href":"https:\/\/www.mundialsc.com.br\/loja\/wp-json\/wp\/v2\/product_tag?post=9578"}],"curies":[{"name":"wp","href":"https:\/\/api.w.org\/{rel}","templated":true}]}}