{"id":9572,"date":"2023-03-06T14:48:20","date_gmt":"2023-03-06T17:48:20","guid":{"rendered":"https:\/\/www.mundialsc.com.br\/loja\/?post_type=product&#038;p=9572"},"modified":"2023-03-06T14:49:37","modified_gmt":"2023-03-06T17:49:37","slug":"bomba-direcao-hidraulica-ford-ranger-flex-2-5-4x2","status":"publish","type":"product","link":"https:\/\/www.mundialsc.com.br\/loja\/produto\/bomba-direcao-hidraulica-ford-ranger-flex-2-5-4x2\/","title":{"rendered":"Bomba Dire\u00e7\u00e3o Hidr\u00e1ulica Ford Ranger Flex 2.5 4X2"},"content":{"rendered":"<p>Bomba Dire\u00e7\u00e3o Hidr\u00e1ulica<br \/>\nC\u00f3digo Original: AB313A696BC<br \/>\nC\u00f3digo Interno: GBR7115841<\/p>\n<p>Aplica\u00e7\u00e3o:<\/p>\n<p>FORD<\/p>\n<p>RANGER FLEX 4X2 2.5 2013 EM DIANTE<\/p>\n","protected":false},"excerpt":{"rendered":"<p>Bomba Dire\u00e7\u00e3o Hidr\u00e1ulica C\u00f3digo Original: AB313A696BC C\u00f3digo Interno: GBR7115841 Aplica\u00e7\u00e3o: FORD RANGER FLEX 4X2 2.5 2013 EM DIANTE<\/p>\n","protected":false},"featured_media":9573,"template":"","meta":[],"product_brand":[],"product_cat":[131,85],"product_tag":[],"class_list":{"0":"post-9572","1":"product","2":"type-product","3":"status-publish","4":"has-post-thumbnail","6":"product_cat-bomba","7":"product_cat-direcao","9":"first","10":"instock","11":"shipping-taxable","12":"product-type-simple"},"_links":{"self":[{"href":"https:\/\/www.mundialsc.com.br\/loja\/wp-json\/wp\/v2\/product\/9572","targetHints":{"allow":["GET"]}}],"collection":[{"href":"https:\/\/www.mundialsc.com.br\/loja\/wp-json\/wp\/v2\/product"}],"about":[{"href":"https:\/\/www.mundialsc.com.br\/loja\/wp-json\/wp\/v2\/types\/product"}],"wp:featuredmedia":[{"embeddable":true,"href":"https:\/\/www.mundialsc.com.br\/loja\/wp-json\/wp\/v2\/media\/9573"}],"wp:attachment":[{"href":"https:\/\/www.mundialsc.com.br\/loja\/wp-json\/wp\/v2\/media?parent=9572"}],"wp:term":[{"taxonomy":"product_brand","embeddable":true,"href":"https:\/\/www.mundialsc.com.br\/loja\/wp-json\/wp\/v2\/product_brand?post=9572"},{"taxonomy":"product_cat","embeddable":true,"href":"https:\/\/www.mundialsc.com.br\/loja\/wp-json\/wp\/v2\/product_cat?post=9572"},{"taxonomy":"product_tag","embeddable":true,"href":"https:\/\/www.mundialsc.com.br\/loja\/wp-json\/wp\/v2\/product_tag?post=9572"}],"curies":[{"name":"wp","href":"https:\/\/api.w.org\/{rel}","templated":true}]}}