{"id":9570,"date":"2023-03-06T14:30:37","date_gmt":"2023-03-06T17:30:37","guid":{"rendered":"https:\/\/www.mundialsc.com.br\/loja\/?post_type=product&#038;p=9570"},"modified":"2023-03-06T14:39:53","modified_gmt":"2023-03-06T17:39:53","slug":"bomba-direcao-hidraulica-mitsubishi-tr4","status":"publish","type":"product","link":"https:\/\/www.mundialsc.com.br\/loja\/produto\/bomba-direcao-hidraulica-mitsubishi-tr4\/","title":{"rendered":"Bomba Dire\u00e7\u00e3o Hidr\u00e1ulica Mitsubishi TR4"},"content":{"rendered":"<p>Bomba Dire\u00e7\u00e3o Hidr\u00e1ulica<br \/>\nC\u00f3digo Original: MR519445<br \/>\nC\u00f3digo Interno: GBR7165810<\/p>\n<p>Aplica\u00e7\u00e3o:<\/p>\n<p>MITSUBISHI<\/p>\n<p>PAJERO TR4<\/p>\n","protected":false},"excerpt":{"rendered":"<p>Bomba Dire\u00e7\u00e3o Hidr\u00e1ulica C\u00f3digo Original: MR519445 C\u00f3digo Interno: GBR7165810 Aplica\u00e7\u00e3o: MITSUBISHI PAJERO TR4<\/p>\n","protected":false},"featured_media":9571,"template":"","meta":[],"product_brand":[],"product_cat":[131,85],"product_tag":[],"class_list":{"0":"post-9570","1":"product","2":"type-product","3":"status-publish","4":"has-post-thumbnail","6":"product_cat-bomba","7":"product_cat-direcao","9":"first","10":"instock","11":"shipping-taxable","12":"product-type-simple"},"_links":{"self":[{"href":"https:\/\/www.mundialsc.com.br\/loja\/wp-json\/wp\/v2\/product\/9570","targetHints":{"allow":["GET"]}}],"collection":[{"href":"https:\/\/www.mundialsc.com.br\/loja\/wp-json\/wp\/v2\/product"}],"about":[{"href":"https:\/\/www.mundialsc.com.br\/loja\/wp-json\/wp\/v2\/types\/product"}],"wp:featuredmedia":[{"embeddable":true,"href":"https:\/\/www.mundialsc.com.br\/loja\/wp-json\/wp\/v2\/media\/9571"}],"wp:attachment":[{"href":"https:\/\/www.mundialsc.com.br\/loja\/wp-json\/wp\/v2\/media?parent=9570"}],"wp:term":[{"taxonomy":"product_brand","embeddable":true,"href":"https:\/\/www.mundialsc.com.br\/loja\/wp-json\/wp\/v2\/product_brand?post=9570"},{"taxonomy":"product_cat","embeddable":true,"href":"https:\/\/www.mundialsc.com.br\/loja\/wp-json\/wp\/v2\/product_cat?post=9570"},{"taxonomy":"product_tag","embeddable":true,"href":"https:\/\/www.mundialsc.com.br\/loja\/wp-json\/wp\/v2\/product_tag?post=9570"}],"curies":[{"name":"wp","href":"https:\/\/api.w.org\/{rel}","templated":true}]}}