{"id":9550,"date":"2022-11-30T14:23:51","date_gmt":"2022-11-30T17:23:51","guid":{"rendered":"https:\/\/www.mundialsc.com.br\/loja\/?post_type=product&#038;p=9550"},"modified":"2022-11-30T14:24:12","modified_gmt":"2022-11-30T17:24:12","slug":"lanterna-direita-ssangyong-actyon-sports-2-0","status":"publish","type":"product","link":"https:\/\/www.mundialsc.com.br\/loja\/produto\/lanterna-direita-ssangyong-actyon-sports-2-0\/","title":{"rendered":"Lanterna Direita Ssangyong Actyon Sports 2.0"},"content":{"rendered":"<p>Lanterna Direita<br \/>\nC\u00f3digo Original: 8360232003<\/p>\n<p>Aplica\u00e7\u00e3o:<\/p>\n<p>SSANGYONG<\/p>\n<p>ACTYON SPORTS 2.0 &#8211; N\u00c3O APLICA EM NEW ACTYON<\/p>\n","protected":false},"excerpt":{"rendered":"<p>Lanterna Direita C\u00f3digo Original: 8360232003 Aplica\u00e7\u00e3o: SSANGYONG ACTYON SPORTS 2.0 &#8211; N\u00c3O APLICA EM NEW ACTYON<\/p>\n","protected":false},"featured_media":9551,"template":"","meta":[],"product_brand":[],"product_cat":[124,179],"product_tag":[],"class_list":{"0":"post-9550","1":"product","2":"type-product","3":"status-publish","4":"has-post-thumbnail","6":"product_cat-iluminacao","7":"product_cat-lanterna","9":"first","10":"instock","11":"shipping-taxable","12":"product-type-simple"},"_links":{"self":[{"href":"https:\/\/www.mundialsc.com.br\/loja\/wp-json\/wp\/v2\/product\/9550","targetHints":{"allow":["GET"]}}],"collection":[{"href":"https:\/\/www.mundialsc.com.br\/loja\/wp-json\/wp\/v2\/product"}],"about":[{"href":"https:\/\/www.mundialsc.com.br\/loja\/wp-json\/wp\/v2\/types\/product"}],"wp:featuredmedia":[{"embeddable":true,"href":"https:\/\/www.mundialsc.com.br\/loja\/wp-json\/wp\/v2\/media\/9551"}],"wp:attachment":[{"href":"https:\/\/www.mundialsc.com.br\/loja\/wp-json\/wp\/v2\/media?parent=9550"}],"wp:term":[{"taxonomy":"product_brand","embeddable":true,"href":"https:\/\/www.mundialsc.com.br\/loja\/wp-json\/wp\/v2\/product_brand?post=9550"},{"taxonomy":"product_cat","embeddable":true,"href":"https:\/\/www.mundialsc.com.br\/loja\/wp-json\/wp\/v2\/product_cat?post=9550"},{"taxonomy":"product_tag","embeddable":true,"href":"https:\/\/www.mundialsc.com.br\/loja\/wp-json\/wp\/v2\/product_tag?post=9550"}],"curies":[{"name":"wp","href":"https:\/\/api.w.org\/{rel}","templated":true}]}}