{"id":9546,"date":"2022-11-30T14:10:42","date_gmt":"2022-11-30T17:10:42","guid":{"rendered":"https:\/\/www.mundialsc.com.br\/loja\/?post_type=product&#038;p=9546"},"modified":"2022-11-30T14:12:28","modified_gmt":"2022-11-30T17:12:28","slug":"barra-estabilizadora-mahindra-scorpio-mhawk","status":"publish","type":"product","link":"https:\/\/www.mundialsc.com.br\/loja\/produto\/barra-estabilizadora-mahindra-scorpio-mhawk\/","title":{"rendered":"Barra Estabilizadora Dianteira Mahindra Scorpio Mhawk"},"content":{"rendered":"<p>Barra Estabilizadora Dianteira &#8211; Produto sem buchas e sem bieletas<br \/>\nProduto Original<br \/>\nC\u00f3digo Original: 0401EA0421N<\/p>\n<p>Aplica\u00e7\u00e3o:<\/p>\n<p>MAHINDRA<\/p>\n<p>SCORPIO MHAW<\/p>\n","protected":false},"excerpt":{"rendered":"<p>Barra Estabilizadora Dianteira &#8211; Produto sem buchas e sem bieletas Produto Original C\u00f3digo Original: 0401EA0421N Aplica\u00e7\u00e3o: MAHINDRA SCORPIO MHAW<\/p>\n","protected":false},"featured_media":9548,"template":"","meta":[],"product_brand":[],"product_cat":[15,44],"product_tag":[],"class_list":{"0":"post-9546","1":"product","2":"type-product","3":"status-publish","4":"has-post-thumbnail","6":"product_cat-outros","7":"product_cat-suspensao","9":"first","10":"instock","11":"shipping-taxable","12":"product-type-simple"},"_links":{"self":[{"href":"https:\/\/www.mundialsc.com.br\/loja\/wp-json\/wp\/v2\/product\/9546","targetHints":{"allow":["GET"]}}],"collection":[{"href":"https:\/\/www.mundialsc.com.br\/loja\/wp-json\/wp\/v2\/product"}],"about":[{"href":"https:\/\/www.mundialsc.com.br\/loja\/wp-json\/wp\/v2\/types\/product"}],"wp:featuredmedia":[{"embeddable":true,"href":"https:\/\/www.mundialsc.com.br\/loja\/wp-json\/wp\/v2\/media\/9548"}],"wp:attachment":[{"href":"https:\/\/www.mundialsc.com.br\/loja\/wp-json\/wp\/v2\/media?parent=9546"}],"wp:term":[{"taxonomy":"product_brand","embeddable":true,"href":"https:\/\/www.mundialsc.com.br\/loja\/wp-json\/wp\/v2\/product_brand?post=9546"},{"taxonomy":"product_cat","embeddable":true,"href":"https:\/\/www.mundialsc.com.br\/loja\/wp-json\/wp\/v2\/product_cat?post=9546"},{"taxonomy":"product_tag","embeddable":true,"href":"https:\/\/www.mundialsc.com.br\/loja\/wp-json\/wp\/v2\/product_tag?post=9546"}],"curies":[{"name":"wp","href":"https:\/\/api.w.org\/{rel}","templated":true}]}}