{"id":9533,"date":"2022-11-16T15:08:04","date_gmt":"2022-11-16T18:08:04","guid":{"rendered":"https:\/\/www.mundialsc.com.br\/loja\/?post_type=product&#038;p=9533"},"modified":"2022-11-16T15:08:04","modified_gmt":"2022-11-16T18:08:04","slug":"coxim-amortecedor-dianteiro-ssangyong-korando","status":"publish","type":"product","link":"https:\/\/www.mundialsc.com.br\/loja\/produto\/coxim-amortecedor-dianteiro-ssangyong-korando\/","title":{"rendered":"Coxim Amortecedor Dianteiro Ssangyong Korando"},"content":{"rendered":"<p>Coxim Amortecedor Dianteiro<br \/>\nC\u00f3digo Original: 4432234001<\/p>\n<p>Aplica\u00e7\u00e3o:<\/p>\n<p>SSANGYONG<\/p>\n<p>KORANDO 2.0<\/p>\n","protected":false},"excerpt":{"rendered":"<p>Coxim Amortecedor Dianteiro C\u00f3digo Original: 4432234001 Aplica\u00e7\u00e3o: SSANGYONG KORANDO 2.0<\/p>\n","protected":false},"featured_media":9534,"template":"","meta":[],"product_brand":[],"product_cat":[256,44],"product_tag":[],"class_list":{"0":"post-9533","1":"product","2":"type-product","3":"status-publish","4":"has-post-thumbnail","6":"product_cat-coxim-suspensao","7":"product_cat-suspensao","9":"first","10":"instock","11":"shipping-taxable","12":"product-type-simple"},"_links":{"self":[{"href":"https:\/\/www.mundialsc.com.br\/loja\/wp-json\/wp\/v2\/product\/9533","targetHints":{"allow":["GET"]}}],"collection":[{"href":"https:\/\/www.mundialsc.com.br\/loja\/wp-json\/wp\/v2\/product"}],"about":[{"href":"https:\/\/www.mundialsc.com.br\/loja\/wp-json\/wp\/v2\/types\/product"}],"wp:featuredmedia":[{"embeddable":true,"href":"https:\/\/www.mundialsc.com.br\/loja\/wp-json\/wp\/v2\/media\/9534"}],"wp:attachment":[{"href":"https:\/\/www.mundialsc.com.br\/loja\/wp-json\/wp\/v2\/media?parent=9533"}],"wp:term":[{"taxonomy":"product_brand","embeddable":true,"href":"https:\/\/www.mundialsc.com.br\/loja\/wp-json\/wp\/v2\/product_brand?post=9533"},{"taxonomy":"product_cat","embeddable":true,"href":"https:\/\/www.mundialsc.com.br\/loja\/wp-json\/wp\/v2\/product_cat?post=9533"},{"taxonomy":"product_tag","embeddable":true,"href":"https:\/\/www.mundialsc.com.br\/loja\/wp-json\/wp\/v2\/product_tag?post=9533"}],"curies":[{"name":"wp","href":"https:\/\/api.w.org\/{rel}","templated":true}]}}