{"id":9406,"date":"2021-02-09T16:00:15","date_gmt":"2021-02-09T19:00:15","guid":{"rendered":"https:\/\/www.mundialsc.com.br\/loja\/?post_type=product&#038;p=9406"},"modified":"2021-02-09T16:01:05","modified_gmt":"2021-02-09T19:01:05","slug":"jogo-bronzina-biela-ssangyong-actyon-sports-2-0","status":"publish","type":"product","link":"https:\/\/www.mundialsc.com.br\/loja\/produto\/jogo-bronzina-biela-ssangyong-actyon-sports-2-0\/","title":{"rendered":"Jogo Bronzina Biela Ssangyong Actyon Sports 2.0"},"content":{"rendered":"<p>Jogo Bronzina Biela STD<br \/>\nC\u00f3digo Original: 1161<br \/>\nC\u00f3digo Interno: 22050<\/p>\n<p>Aplica\u00e7\u00e3o:<\/p>\n<p>SSANGYONG<\/p>\n<p>ACTYON SPORTS 2.0 2008-2011<\/p>\n","protected":false},"excerpt":{"rendered":"<p>Jogo Bronzina Biela STD C\u00f3digo Original: 1161 C\u00f3digo Interno: 22050 Aplica\u00e7\u00e3o: SSANGYONG ACTYON SPORTS 2.0 2008-2011<\/p>\n","protected":false},"featured_media":9404,"template":"","meta":[],"product_brand":[],"product_cat":[201,42],"product_tag":[],"class_list":{"0":"post-9406","1":"product","2":"type-product","3":"status-publish","4":"has-post-thumbnail","6":"product_cat-bronzina","7":"product_cat-motor","9":"first","10":"instock","11":"shipping-taxable","12":"product-type-simple"},"_links":{"self":[{"href":"https:\/\/www.mundialsc.com.br\/loja\/wp-json\/wp\/v2\/product\/9406","targetHints":{"allow":["GET"]}}],"collection":[{"href":"https:\/\/www.mundialsc.com.br\/loja\/wp-json\/wp\/v2\/product"}],"about":[{"href":"https:\/\/www.mundialsc.com.br\/loja\/wp-json\/wp\/v2\/types\/product"}],"wp:featuredmedia":[{"embeddable":true,"href":"https:\/\/www.mundialsc.com.br\/loja\/wp-json\/wp\/v2\/media\/9404"}],"wp:attachment":[{"href":"https:\/\/www.mundialsc.com.br\/loja\/wp-json\/wp\/v2\/media?parent=9406"}],"wp:term":[{"taxonomy":"product_brand","embeddable":true,"href":"https:\/\/www.mundialsc.com.br\/loja\/wp-json\/wp\/v2\/product_brand?post=9406"},{"taxonomy":"product_cat","embeddable":true,"href":"https:\/\/www.mundialsc.com.br\/loja\/wp-json\/wp\/v2\/product_cat?post=9406"},{"taxonomy":"product_tag","embeddable":true,"href":"https:\/\/www.mundialsc.com.br\/loja\/wp-json\/wp\/v2\/product_tag?post=9406"}],"curies":[{"name":"wp","href":"https:\/\/api.w.org\/{rel}","templated":true}]}}