{"id":9396,"date":"2021-02-09T10:31:17","date_gmt":"2021-02-09T13:31:17","guid":{"rendered":"https:\/\/www.mundialsc.com.br\/loja\/?post_type=product&#038;p=9396"},"modified":"2021-02-09T10:45:03","modified_gmt":"2021-02-09T13:45:03","slug":"jogo-bronzina-mancal-ssangyong-actyon-suv","status":"publish","type":"product","link":"https:\/\/www.mundialsc.com.br\/loja\/produto\/jogo-bronzina-mancal-ssangyong-actyon-suv\/","title":{"rendered":"Jogo Bronzina Mancal Ssangyong Actyon Suv 2.0"},"content":{"rendered":"<p>Jogo Bronzina Mancal STD<br \/>\nC\u00f3digo Original: 6640330701<br \/>\nC\u00f3digo Interno: 6640331302<\/p>\n<p>Aplica\u00e7\u00e3o:<\/p>\n<p>SSANGYONG<\/p>\n<p>ACTYON SUV 2.0 2008 EM DIANTE<\/p>\n","protected":false},"excerpt":{"rendered":"<p>Jogo Bronzina Mancal STD C\u00f3digo Original: 6640330701 C\u00f3digo Interno: 6640331302 Aplica\u00e7\u00e3o: SSANGYONG ACTYON SUV 2.0 2008 EM DIANTE<\/p>\n","protected":false},"featured_media":9401,"template":"","meta":[],"product_brand":[],"product_cat":[201,42],"product_tag":[],"class_list":{"0":"post-9396","1":"product","2":"type-product","3":"status-publish","4":"has-post-thumbnail","6":"product_cat-bronzina","7":"product_cat-motor","9":"first","10":"instock","11":"shipping-taxable","12":"product-type-simple"},"_links":{"self":[{"href":"https:\/\/www.mundialsc.com.br\/loja\/wp-json\/wp\/v2\/product\/9396","targetHints":{"allow":["GET"]}}],"collection":[{"href":"https:\/\/www.mundialsc.com.br\/loja\/wp-json\/wp\/v2\/product"}],"about":[{"href":"https:\/\/www.mundialsc.com.br\/loja\/wp-json\/wp\/v2\/types\/product"}],"wp:featuredmedia":[{"embeddable":true,"href":"https:\/\/www.mundialsc.com.br\/loja\/wp-json\/wp\/v2\/media\/9401"}],"wp:attachment":[{"href":"https:\/\/www.mundialsc.com.br\/loja\/wp-json\/wp\/v2\/media?parent=9396"}],"wp:term":[{"taxonomy":"product_brand","embeddable":true,"href":"https:\/\/www.mundialsc.com.br\/loja\/wp-json\/wp\/v2\/product_brand?post=9396"},{"taxonomy":"product_cat","embeddable":true,"href":"https:\/\/www.mundialsc.com.br\/loja\/wp-json\/wp\/v2\/product_cat?post=9396"},{"taxonomy":"product_tag","embeddable":true,"href":"https:\/\/www.mundialsc.com.br\/loja\/wp-json\/wp\/v2\/product_tag?post=9396"}],"curies":[{"name":"wp","href":"https:\/\/api.w.org\/{rel}","templated":true}]}}