{"id":9383,"date":"2021-02-05T16:15:14","date_gmt":"2021-02-05T19:15:14","guid":{"rendered":"https:\/\/www.mundialsc.com.br\/loja\/?post_type=product&#038;p=9383"},"modified":"2021-02-05T16:15:14","modified_gmt":"2021-02-05T19:15:14","slug":"pistao-ssangyong-actyon-suv-2-0","status":"publish","type":"product","link":"https:\/\/www.mundialsc.com.br\/loja\/produto\/pistao-ssangyong-actyon-suv-2-0\/","title":{"rendered":"Pist\u00e3o Ssangyong Actyon Suv 2.0"},"content":{"rendered":"<p>Jogo Com 04 Pist\u00f5es + An\u00e9is + Pinos<br \/>\nC\u00f3digo Original: 66403-02817<br \/>\nC\u00f3digo Interno: A-2817<\/p>\n<p>Aplica\u00e7\u00e3o:<\/p>\n<p>SSANGYONG<\/p>\n<p>ACTYON SUV 2.0 2008 EM DIANTE<\/p>\n","protected":false},"excerpt":{"rendered":"<p>Jogo Com 04 Pist\u00f5es + An\u00e9is + Pinos C\u00f3digo Original: 66403-02817 C\u00f3digo Interno: A-2817 Aplica\u00e7\u00e3o: SSANGYONG ACTYON SUV 2.0 2008<\/p>\n","protected":false},"featured_media":9384,"template":"","meta":[],"product_brand":[],"product_cat":[42,200],"product_tag":[],"class_list":{"0":"post-9383","1":"product","2":"type-product","3":"status-publish","4":"has-post-thumbnail","6":"product_cat-motor","7":"product_cat-pistao","9":"first","10":"instock","11":"shipping-taxable","12":"product-type-simple"},"_links":{"self":[{"href":"https:\/\/www.mundialsc.com.br\/loja\/wp-json\/wp\/v2\/product\/9383","targetHints":{"allow":["GET"]}}],"collection":[{"href":"https:\/\/www.mundialsc.com.br\/loja\/wp-json\/wp\/v2\/product"}],"about":[{"href":"https:\/\/www.mundialsc.com.br\/loja\/wp-json\/wp\/v2\/types\/product"}],"wp:featuredmedia":[{"embeddable":true,"href":"https:\/\/www.mundialsc.com.br\/loja\/wp-json\/wp\/v2\/media\/9384"}],"wp:attachment":[{"href":"https:\/\/www.mundialsc.com.br\/loja\/wp-json\/wp\/v2\/media?parent=9383"}],"wp:term":[{"taxonomy":"product_brand","embeddable":true,"href":"https:\/\/www.mundialsc.com.br\/loja\/wp-json\/wp\/v2\/product_brand?post=9383"},{"taxonomy":"product_cat","embeddable":true,"href":"https:\/\/www.mundialsc.com.br\/loja\/wp-json\/wp\/v2\/product_cat?post=9383"},{"taxonomy":"product_tag","embeddable":true,"href":"https:\/\/www.mundialsc.com.br\/loja\/wp-json\/wp\/v2\/product_tag?post=9383"}],"curies":[{"name":"wp","href":"https:\/\/api.w.org\/{rel}","templated":true}]}}