{"id":9346,"date":"2021-02-03T09:50:14","date_gmt":"2021-02-03T12:50:14","guid":{"rendered":"https:\/\/www.mundialsc.com.br\/loja\/?post_type=product&#038;p=9346"},"modified":"2021-02-03T09:50:45","modified_gmt":"2021-02-03T12:50:45","slug":"bico-injetor-ssangyong-new-actyon-2-0","status":"publish","type":"product","link":"https:\/\/www.mundialsc.com.br\/loja\/produto\/bico-injetor-ssangyong-new-actyon-2-0\/","title":{"rendered":"Bico Injetor Ssangyong New Actyon 2.0"},"content":{"rendered":"<p>Bico Injetor<br \/>\nC\u00f3digo Original: 6710170121<br \/>\nC\u00f3digo Interno: EMBR00301D<\/p>\n<p>Aplica\u00e7\u00e3o:<\/p>\n<p>SSANGYONG<\/p>\n<p>NEW ACTYON 2.0 2012 EM DIANTE<\/p>\n","protected":false},"excerpt":{"rendered":"<p>Bico Injetor C\u00f3digo Original: 6710170121 C\u00f3digo Interno: EMBR00301D Aplica\u00e7\u00e3o: SSANGYONG NEW ACTYON 2.0 2012 EM DIANTE<\/p>\n","protected":false},"featured_media":9343,"template":"","meta":[],"product_brand":[],"product_cat":[106,112,111,42],"product_tag":[],"class_list":{"0":"post-9346","1":"product","2":"type-product","3":"status-publish","4":"has-post-thumbnail","6":"product_cat-bico-injetor","7":"product_cat-bico-injetor-injecao-eletronica","8":"product_cat-injecao-eletronica","9":"product_cat-motor","11":"first","12":"instock","13":"shipping-taxable","14":"product-type-simple"},"_links":{"self":[{"href":"https:\/\/www.mundialsc.com.br\/loja\/wp-json\/wp\/v2\/product\/9346","targetHints":{"allow":["GET"]}}],"collection":[{"href":"https:\/\/www.mundialsc.com.br\/loja\/wp-json\/wp\/v2\/product"}],"about":[{"href":"https:\/\/www.mundialsc.com.br\/loja\/wp-json\/wp\/v2\/types\/product"}],"wp:featuredmedia":[{"embeddable":true,"href":"https:\/\/www.mundialsc.com.br\/loja\/wp-json\/wp\/v2\/media\/9343"}],"wp:attachment":[{"href":"https:\/\/www.mundialsc.com.br\/loja\/wp-json\/wp\/v2\/media?parent=9346"}],"wp:term":[{"taxonomy":"product_brand","embeddable":true,"href":"https:\/\/www.mundialsc.com.br\/loja\/wp-json\/wp\/v2\/product_brand?post=9346"},{"taxonomy":"product_cat","embeddable":true,"href":"https:\/\/www.mundialsc.com.br\/loja\/wp-json\/wp\/v2\/product_cat?post=9346"},{"taxonomy":"product_tag","embeddable":true,"href":"https:\/\/www.mundialsc.com.br\/loja\/wp-json\/wp\/v2\/product_tag?post=9346"}],"curies":[{"name":"wp","href":"https:\/\/api.w.org\/{rel}","templated":true}]}}