{"id":9336,"date":"2021-02-03T09:12:16","date_gmt":"2021-02-03T12:12:16","guid":{"rendered":"https:\/\/www.mundialsc.com.br\/loja\/?post_type=product&#038;p=9336"},"modified":"2021-02-03T09:13:19","modified_gmt":"2021-02-03T12:13:19","slug":"bico-injetor-ssangyong-actyon-sports-2-0","status":"publish","type":"product","link":"https:\/\/www.mundialsc.com.br\/loja\/produto\/bico-injetor-ssangyong-actyon-sports-2-0\/","title":{"rendered":"Bico Injetor Ssangyong Actyon Sports 2.0"},"content":{"rendered":"<p>Bico Injetor<br \/>\nC\u00f3digo Original: 6640170121<br \/>\nC\u00f3digo Interno: EJBR04501D<\/p>\n<p>Aplica\u00e7\u00e3o:<\/p>\n<p>SSANGYONG<\/p>\n<p>ACTYON SPORTS 2.0 2008-2011 &#8211; N\u00c3O SE APLICA AO MODELO NEW ACTYON<\/p>\n","protected":false},"excerpt":{"rendered":"<p>Bico Injetor C\u00f3digo Original: 6640170121 C\u00f3digo Interno: EJBR04501D Aplica\u00e7\u00e3o: SSANGYONG ACTYON SPORTS 2.0 2008-2011 &#8211; N\u00c3O SE APLICA AO MODELO<\/p>\n","protected":false},"featured_media":9334,"template":"","meta":[],"product_brand":[],"product_cat":[112,111,42],"product_tag":[],"class_list":{"0":"post-9336","1":"product","2":"type-product","3":"status-publish","4":"has-post-thumbnail","6":"product_cat-bico-injetor-injecao-eletronica","7":"product_cat-injecao-eletronica","8":"product_cat-motor","10":"first","11":"instock","12":"shipping-taxable","13":"product-type-simple"},"_links":{"self":[{"href":"https:\/\/www.mundialsc.com.br\/loja\/wp-json\/wp\/v2\/product\/9336","targetHints":{"allow":["GET"]}}],"collection":[{"href":"https:\/\/www.mundialsc.com.br\/loja\/wp-json\/wp\/v2\/product"}],"about":[{"href":"https:\/\/www.mundialsc.com.br\/loja\/wp-json\/wp\/v2\/types\/product"}],"wp:featuredmedia":[{"embeddable":true,"href":"https:\/\/www.mundialsc.com.br\/loja\/wp-json\/wp\/v2\/media\/9334"}],"wp:attachment":[{"href":"https:\/\/www.mundialsc.com.br\/loja\/wp-json\/wp\/v2\/media?parent=9336"}],"wp:term":[{"taxonomy":"product_brand","embeddable":true,"href":"https:\/\/www.mundialsc.com.br\/loja\/wp-json\/wp\/v2\/product_brand?post=9336"},{"taxonomy":"product_cat","embeddable":true,"href":"https:\/\/www.mundialsc.com.br\/loja\/wp-json\/wp\/v2\/product_cat?post=9336"},{"taxonomy":"product_tag","embeddable":true,"href":"https:\/\/www.mundialsc.com.br\/loja\/wp-json\/wp\/v2\/product_tag?post=9336"}],"curies":[{"name":"wp","href":"https:\/\/api.w.org\/{rel}","templated":true}]}}