{"id":6425,"date":"2020-10-08T17:41:53","date_gmt":"2020-10-08T20:41:53","guid":{"rendered":"https:\/\/www.mundialsc.com.br\/loja\/?post_type=product&#038;p=6425"},"modified":"2020-10-14T10:21:19","modified_gmt":"2020-10-14T13:21:19","slug":"grade-inferior-interna-do-para-choque-dianteiro-ssangyong-korando-original","status":"publish","type":"product","link":"https:\/\/www.mundialsc.com.br\/loja\/produto\/grade-inferior-interna-do-para-choque-dianteiro-ssangyong-korando-original\/","title":{"rendered":"Grade Inferior Interna Do Para-choque Dianteiro Ssangyong Korando Original"},"content":{"rendered":"<p>Grade Inferior Interna Do Para-choque Dianteiro<br \/>\nC\u00f3digo Original: 7878434000<br \/>\nC\u00f3digo Interno: 7878434000<br \/>\nPRODUTO ORIGINAL<\/p>\n<p>Aplica\u00e7\u00e3o:<\/p>\n<p>SSANGYONG<\/p>\n<p>KORANDO 2.0 2010 EM DIANTE<\/p>\n","protected":false},"excerpt":{"rendered":"<p>Grade Inferior Interna Do Para-choque Dianteiro C\u00f3digo Original: 7878434000 C\u00f3digo Interno: 7878434000 PRODUTO ORIGINAL Aplica\u00e7\u00e3o: SSANGYONG KORANDO 2.0 2010 EM<\/p>\n","protected":false},"featured_media":6454,"template":"","meta":[],"product_brand":[],"product_cat":[15,159],"product_tag":[],"class_list":{"0":"post-6425","1":"product","2":"type-product","3":"status-publish","4":"has-post-thumbnail","6":"product_cat-outros","7":"product_cat-acabamento","9":"first","10":"instock","11":"shipping-taxable","12":"purchasable","13":"product-type-simple"},"_links":{"self":[{"href":"https:\/\/www.mundialsc.com.br\/loja\/wp-json\/wp\/v2\/product\/6425","targetHints":{"allow":["GET"]}}],"collection":[{"href":"https:\/\/www.mundialsc.com.br\/loja\/wp-json\/wp\/v2\/product"}],"about":[{"href":"https:\/\/www.mundialsc.com.br\/loja\/wp-json\/wp\/v2\/types\/product"}],"wp:featuredmedia":[{"embeddable":true,"href":"https:\/\/www.mundialsc.com.br\/loja\/wp-json\/wp\/v2\/media\/6454"}],"wp:attachment":[{"href":"https:\/\/www.mundialsc.com.br\/loja\/wp-json\/wp\/v2\/media?parent=6425"}],"wp:term":[{"taxonomy":"product_brand","embeddable":true,"href":"https:\/\/www.mundialsc.com.br\/loja\/wp-json\/wp\/v2\/product_brand?post=6425"},{"taxonomy":"product_cat","embeddable":true,"href":"https:\/\/www.mundialsc.com.br\/loja\/wp-json\/wp\/v2\/product_cat?post=6425"},{"taxonomy":"product_tag","embeddable":true,"href":"https:\/\/www.mundialsc.com.br\/loja\/wp-json\/wp\/v2\/product_tag?post=6425"}],"curies":[{"name":"wp","href":"https:\/\/api.w.org\/{rel}","templated":true}]}}