{"id":6423,"date":"2020-10-08T17:30:37","date_gmt":"2020-10-08T20:30:37","guid":{"rendered":"https:\/\/www.mundialsc.com.br\/loja\/?post_type=product&#038;p=6423"},"modified":"2020-10-08T17:31:10","modified_gmt":"2020-10-08T20:31:10","slug":"moldura-do-farol-esquerdo-ssangyong-actyon-sports-2-0-diesel-original","status":"publish","type":"product","link":"https:\/\/www.mundialsc.com.br\/loja\/produto\/moldura-do-farol-esquerdo-ssangyong-actyon-sports-2-0-diesel-original\/","title":{"rendered":"Moldura Do Farol Esquerdo Ssangyong Actyon Sports 2.0 Diesel Original"},"content":{"rendered":"<p>Moldura Do Farol<br \/>\nC\u00f3digo Original: 7873031000LAK<br \/>\nC\u00f3digo Interno: 7873031000LAK<br \/>\nPRODUTO ORIGINAL<\/p>\n<p>Aplica\u00e7\u00e3o:<\/p>\n<p>SSANGYONG<\/p>\n<p>ACTYON SPORTS 2008-2011<\/p>\n","protected":false},"excerpt":{"rendered":"<p>Moldura Do Farol C\u00f3digo Original: 7873031000LAK C\u00f3digo Interno: 7873031000LAK PRODUTO ORIGINAL Aplica\u00e7\u00e3o: SSANGYONG ACTYON SPORTS 2008-2011<\/p>\n","protected":false},"featured_media":6419,"template":"","meta":[],"product_brand":[],"product_cat":[159,124],"product_tag":[],"class_list":{"0":"post-6423","1":"product","2":"type-product","3":"status-publish","4":"has-post-thumbnail","6":"product_cat-acabamento","7":"product_cat-iluminacao","9":"first","10":"instock","11":"shipping-taxable","12":"purchasable","13":"product-type-simple"},"_links":{"self":[{"href":"https:\/\/www.mundialsc.com.br\/loja\/wp-json\/wp\/v2\/product\/6423","targetHints":{"allow":["GET"]}}],"collection":[{"href":"https:\/\/www.mundialsc.com.br\/loja\/wp-json\/wp\/v2\/product"}],"about":[{"href":"https:\/\/www.mundialsc.com.br\/loja\/wp-json\/wp\/v2\/types\/product"}],"wp:featuredmedia":[{"embeddable":true,"href":"https:\/\/www.mundialsc.com.br\/loja\/wp-json\/wp\/v2\/media\/6419"}],"wp:attachment":[{"href":"https:\/\/www.mundialsc.com.br\/loja\/wp-json\/wp\/v2\/media?parent=6423"}],"wp:term":[{"taxonomy":"product_brand","embeddable":true,"href":"https:\/\/www.mundialsc.com.br\/loja\/wp-json\/wp\/v2\/product_brand?post=6423"},{"taxonomy":"product_cat","embeddable":true,"href":"https:\/\/www.mundialsc.com.br\/loja\/wp-json\/wp\/v2\/product_cat?post=6423"},{"taxonomy":"product_tag","embeddable":true,"href":"https:\/\/www.mundialsc.com.br\/loja\/wp-json\/wp\/v2\/product_tag?post=6423"}],"curies":[{"name":"wp","href":"https:\/\/api.w.org\/{rel}","templated":true}]}}