{"id":6417,"date":"2020-10-08T16:51:41","date_gmt":"2020-10-08T19:51:41","guid":{"rendered":"https:\/\/www.mundialsc.com.br\/loja\/?post_type=product&#038;p=6417"},"modified":"2020-10-08T16:52:14","modified_gmt":"2020-10-08T19:52:14","slug":"guia-superior-da-corrente-mahindra-pik-up-2-2","status":"publish","type":"product","link":"https:\/\/www.mundialsc.com.br\/loja\/produto\/guia-superior-da-corrente-mahindra-pik-up-2-2\/","title":{"rendered":"Guia Superior Da Corrente Mahindra Pik Up 2.2"},"content":{"rendered":"<p>Guia Superior Da Corrente<br \/>\nC\u00f3digo Original: 0310EM0021N<br \/>\nC\u00f3digo Interno: 30119<br \/>\nPRODUTO ORIGINAL<\/p>\n<p>Aplica\u00e7\u00e3o:<\/p>\n<p>MAHINDRA<\/p>\n<p>PIK UP 2.2 <\/p>\n","protected":false},"excerpt":{"rendered":"<p>Guia Superior Da Corrente C\u00f3digo Original: 0310EM0021N C\u00f3digo Interno: 30119 PRODUTO ORIGINAL Aplica\u00e7\u00e3o: MAHINDRA PIK UP 2.2<\/p>\n","protected":false},"featured_media":6412,"template":"","meta":[],"product_brand":[],"product_cat":[119,42],"product_tag":[],"class_list":{"0":"post-6417","1":"product","2":"type-product","3":"status-publish","4":"has-post-thumbnail","6":"product_cat-guia","7":"product_cat-motor","9":"first","10":"instock","11":"shipping-taxable","12":"purchasable","13":"product-type-simple"},"_links":{"self":[{"href":"https:\/\/www.mundialsc.com.br\/loja\/wp-json\/wp\/v2\/product\/6417","targetHints":{"allow":["GET"]}}],"collection":[{"href":"https:\/\/www.mundialsc.com.br\/loja\/wp-json\/wp\/v2\/product"}],"about":[{"href":"https:\/\/www.mundialsc.com.br\/loja\/wp-json\/wp\/v2\/types\/product"}],"wp:featuredmedia":[{"embeddable":true,"href":"https:\/\/www.mundialsc.com.br\/loja\/wp-json\/wp\/v2\/media\/6412"}],"wp:attachment":[{"href":"https:\/\/www.mundialsc.com.br\/loja\/wp-json\/wp\/v2\/media?parent=6417"}],"wp:term":[{"taxonomy":"product_brand","embeddable":true,"href":"https:\/\/www.mundialsc.com.br\/loja\/wp-json\/wp\/v2\/product_brand?post=6417"},{"taxonomy":"product_cat","embeddable":true,"href":"https:\/\/www.mundialsc.com.br\/loja\/wp-json\/wp\/v2\/product_cat?post=6417"},{"taxonomy":"product_tag","embeddable":true,"href":"https:\/\/www.mundialsc.com.br\/loja\/wp-json\/wp\/v2\/product_tag?post=6417"}],"curies":[{"name":"wp","href":"https:\/\/api.w.org\/{rel}","templated":true}]}}