{"id":6406,"date":"2020-10-07T17:21:21","date_gmt":"2020-10-07T20:21:21","guid":{"rendered":"https:\/\/www.mundialsc.com.br\/loja\/?post_type=product&#038;p=6406"},"modified":"2020-10-08T10:03:28","modified_gmt":"2020-10-08T13:03:28","slug":"capa-de-protecao-da-correia-hyundai-hr-2-5-original","status":"publish","type":"product","link":"https:\/\/www.mundialsc.com.br\/loja\/produto\/capa-de-protecao-da-correia-hyundai-hr-2-5-original\/","title":{"rendered":"Capa De Prote\u00e7\u00e3o Da Correia Hyundai HR 2.5 Original"},"content":{"rendered":"<p>Capa De Prote\u00e7\u00e3o<br \/>\nC\u00f3digo Original: 2135042500<br \/>\nC\u00f3digo Interno: 2135042500<br \/>\nPRODUTO ORIGINAL<\/p>\n<p>Aplica\u00e7\u00e3o:<\/p>\n<p>HYUNDAI<\/p>\n<p>HR 2.5 <\/p>\n","protected":false},"excerpt":{"rendered":"<p>Capa De Prote\u00e7\u00e3o C\u00f3digo Original: 2135042500 C\u00f3digo Interno: 2135042500 PRODUTO ORIGINAL Aplica\u00e7\u00e3o: HYUNDAI HR 2.5<\/p>\n","protected":false},"featured_media":6409,"template":"","meta":[],"product_brand":[],"product_cat":[15,159],"product_tag":[],"class_list":{"0":"post-6406","1":"product","2":"type-product","3":"status-publish","4":"has-post-thumbnail","6":"product_cat-outros","7":"product_cat-acabamento","9":"first","10":"instock","11":"shipping-taxable","12":"purchasable","13":"product-type-simple"},"_links":{"self":[{"href":"https:\/\/www.mundialsc.com.br\/loja\/wp-json\/wp\/v2\/product\/6406","targetHints":{"allow":["GET"]}}],"collection":[{"href":"https:\/\/www.mundialsc.com.br\/loja\/wp-json\/wp\/v2\/product"}],"about":[{"href":"https:\/\/www.mundialsc.com.br\/loja\/wp-json\/wp\/v2\/types\/product"}],"wp:featuredmedia":[{"embeddable":true,"href":"https:\/\/www.mundialsc.com.br\/loja\/wp-json\/wp\/v2\/media\/6409"}],"wp:attachment":[{"href":"https:\/\/www.mundialsc.com.br\/loja\/wp-json\/wp\/v2\/media?parent=6406"}],"wp:term":[{"taxonomy":"product_brand","embeddable":true,"href":"https:\/\/www.mundialsc.com.br\/loja\/wp-json\/wp\/v2\/product_brand?post=6406"},{"taxonomy":"product_cat","embeddable":true,"href":"https:\/\/www.mundialsc.com.br\/loja\/wp-json\/wp\/v2\/product_cat?post=6406"},{"taxonomy":"product_tag","embeddable":true,"href":"https:\/\/www.mundialsc.com.br\/loja\/wp-json\/wp\/v2\/product_tag?post=6406"}],"curies":[{"name":"wp","href":"https:\/\/api.w.org\/{rel}","templated":true}]}}