{"id":6401,"date":"2020-10-07T15:09:58","date_gmt":"2020-10-07T18:09:58","guid":{"rendered":"https:\/\/www.mundialsc.com.br\/loja\/?post_type=product&#038;p=6401"},"modified":"2020-10-07T15:09:58","modified_gmt":"2020-10-07T18:09:58","slug":"guia-esquerdo-do-para-choque-dianteiro-ssangyong-kyron","status":"publish","type":"product","link":"https:\/\/www.mundialsc.com.br\/loja\/produto\/guia-esquerdo-do-para-choque-dianteiro-ssangyong-kyron\/","title":{"rendered":"Guia Esquerdo Do Para-choque Dianteiro Ssangyong Kyron"},"content":{"rendered":"<p>Guia Esquerdo Do Para-choque<br \/>\nC\u00f3digo Original: 7872009100<br \/>\nC\u00f3digo Interno: 7872009100<br \/>\nPRODUTO ORIGINAL<\/p>\n<p>Aplica\u00e7\u00e3o:<\/p>\n<p>SSANGYONG<\/p>\n<p>KYRON 2.0 TURBO DIESEL<\/p>\n","protected":false},"excerpt":{"rendered":"<p>Guia Esquerdo Do Para-choque C\u00f3digo Original: 7872009100 C\u00f3digo Interno: 7872009100 PRODUTO ORIGINAL Aplica\u00e7\u00e3o: SSANGYONG KYRON 2.0 TURBO DIESEL<\/p>\n","protected":false},"featured_media":6402,"template":"","meta":[],"product_brand":[],"product_cat":[15],"product_tag":[],"class_list":{"0":"post-6401","1":"product","2":"type-product","3":"status-publish","4":"has-post-thumbnail","6":"product_cat-outros","8":"first","9":"instock","10":"shipping-taxable","11":"purchasable","12":"product-type-simple"},"_links":{"self":[{"href":"https:\/\/www.mundialsc.com.br\/loja\/wp-json\/wp\/v2\/product\/6401","targetHints":{"allow":["GET"]}}],"collection":[{"href":"https:\/\/www.mundialsc.com.br\/loja\/wp-json\/wp\/v2\/product"}],"about":[{"href":"https:\/\/www.mundialsc.com.br\/loja\/wp-json\/wp\/v2\/types\/product"}],"wp:featuredmedia":[{"embeddable":true,"href":"https:\/\/www.mundialsc.com.br\/loja\/wp-json\/wp\/v2\/media\/6402"}],"wp:attachment":[{"href":"https:\/\/www.mundialsc.com.br\/loja\/wp-json\/wp\/v2\/media?parent=6401"}],"wp:term":[{"taxonomy":"product_brand","embeddable":true,"href":"https:\/\/www.mundialsc.com.br\/loja\/wp-json\/wp\/v2\/product_brand?post=6401"},{"taxonomy":"product_cat","embeddable":true,"href":"https:\/\/www.mundialsc.com.br\/loja\/wp-json\/wp\/v2\/product_cat?post=6401"},{"taxonomy":"product_tag","embeddable":true,"href":"https:\/\/www.mundialsc.com.br\/loja\/wp-json\/wp\/v2\/product_tag?post=6401"}],"curies":[{"name":"wp","href":"https:\/\/api.w.org\/{rel}","templated":true}]}}