{"id":6397,"date":"2020-10-07T11:55:28","date_gmt":"2020-10-07T14:55:28","guid":{"rendered":"https:\/\/www.mundialsc.com.br\/loja\/?post_type=product&#038;p=6397"},"modified":"2023-11-30T11:42:54","modified_gmt":"2023-11-30T14:42:54","slug":"engrenagem-do-comando-de-valvula-ssangyong-korando-2-3-gasolina","status":"publish","type":"product","link":"https:\/\/www.mundialsc.com.br\/loja\/produto\/engrenagem-do-comando-de-valvula-ssangyong-korando-2-3-gasolina\/","title":{"rendered":"Engrenagem Do Comando De V\u00e1lvula Ssangyong Korando 2.3 Gasolina"},"content":{"rendered":"<p>Engrenagem Do Comando<br \/>\nC\u00f3digo Original: 1720520101<br \/>\nC\u00f3digo Interno: 1720520101<br \/>\nPRODUTO ORIGINAL<\/p>\n<p>Aplica\u00e7\u00e3o:<\/p>\n<p>SSANGYONG<\/p>\n<p>KORANDO 2.3 GASOLINA<\/p>\n","protected":false},"excerpt":{"rendered":"<p>Engrenagem Do Comando C\u00f3digo Original: 1720520101 C\u00f3digo Interno: 1720520101 PRODUTO ORIGINAL Aplica\u00e7\u00e3o: SSANGYONG KORANDO 2.3 GASOLINA<\/p>\n","protected":false},"featured_media":6398,"template":"","meta":[],"product_brand":[],"product_cat":[199,42],"product_tag":[],"class_list":{"0":"post-6397","1":"product","2":"type-product","3":"status-publish","4":"has-post-thumbnail","6":"product_cat-engrenagem-motor","7":"product_cat-motor","9":"first","10":"instock","11":"shipping-taxable","12":"product-type-simple"},"_links":{"self":[{"href":"https:\/\/www.mundialsc.com.br\/loja\/wp-json\/wp\/v2\/product\/6397","targetHints":{"allow":["GET"]}}],"collection":[{"href":"https:\/\/www.mundialsc.com.br\/loja\/wp-json\/wp\/v2\/product"}],"about":[{"href":"https:\/\/www.mundialsc.com.br\/loja\/wp-json\/wp\/v2\/types\/product"}],"wp:featuredmedia":[{"embeddable":true,"href":"https:\/\/www.mundialsc.com.br\/loja\/wp-json\/wp\/v2\/media\/6398"}],"wp:attachment":[{"href":"https:\/\/www.mundialsc.com.br\/loja\/wp-json\/wp\/v2\/media?parent=6397"}],"wp:term":[{"taxonomy":"product_brand","embeddable":true,"href":"https:\/\/www.mundialsc.com.br\/loja\/wp-json\/wp\/v2\/product_brand?post=6397"},{"taxonomy":"product_cat","embeddable":true,"href":"https:\/\/www.mundialsc.com.br\/loja\/wp-json\/wp\/v2\/product_cat?post=6397"},{"taxonomy":"product_tag","embeddable":true,"href":"https:\/\/www.mundialsc.com.br\/loja\/wp-json\/wp\/v2\/product_tag?post=6397"}],"curies":[{"name":"wp","href":"https:\/\/api.w.org\/{rel}","templated":true}]}}