{"id":6396,"date":"2020-10-06T11:28:30","date_gmt":"2020-10-06T14:28:30","guid":{"rendered":"https:\/\/www.mundialsc.com.br\/loja\/?post_type=product&#038;p=6396"},"modified":"2023-11-28T11:43:57","modified_gmt":"2023-11-28T14:43:57","slug":"setor-parcial-direcao-ssangyong-actyon-suv-2-3-original","status":"publish","type":"product","link":"https:\/\/www.mundialsc.com.br\/loja\/produto\/setor-parcial-direcao-ssangyong-actyon-suv-2-3-original\/","title":{"rendered":"Setor Parcial Dire\u00e7\u00e3o Ssangyong Actyon Suv 2.3 Original"},"content":{"rendered":"<p>Setor Parcial Dire\u00e7\u00e3o<br \/>\nC\u00f3digo Original: 4621009008<br \/>\nC\u00f3digo Interno: 4621009008<br \/>\nPRODUTO ORIGINAL<\/p>\n<p>Aplica\u00e7\u00e3o:<\/p>\n<p>SSANGYONG<\/p>\n<p>ACTYON SUV 2.3 GASOLINA 2008 EM DIANTE<\/p>\n","protected":false},"excerpt":{"rendered":"<p>Setor Parcial Dire\u00e7\u00e3o C\u00f3digo Original: 4621009008 C\u00f3digo Interno: 4621009008 PRODUTO ORIGINAL Aplica\u00e7\u00e3o: SSANGYONG ACTYON SUV 2.3 GASOLINA 2008 EM DIANTE<\/p>\n","protected":false},"featured_media":6386,"template":"","meta":[],"product_brand":[],"product_cat":[85],"product_tag":[],"class_list":{"0":"post-6396","1":"product","2":"type-product","3":"status-publish","4":"has-post-thumbnail","6":"product_cat-direcao","8":"first","9":"instock","10":"shipping-taxable","11":"product-type-simple"},"_links":{"self":[{"href":"https:\/\/www.mundialsc.com.br\/loja\/wp-json\/wp\/v2\/product\/6396","targetHints":{"allow":["GET"]}}],"collection":[{"href":"https:\/\/www.mundialsc.com.br\/loja\/wp-json\/wp\/v2\/product"}],"about":[{"href":"https:\/\/www.mundialsc.com.br\/loja\/wp-json\/wp\/v2\/types\/product"}],"wp:featuredmedia":[{"embeddable":true,"href":"https:\/\/www.mundialsc.com.br\/loja\/wp-json\/wp\/v2\/media\/6386"}],"wp:attachment":[{"href":"https:\/\/www.mundialsc.com.br\/loja\/wp-json\/wp\/v2\/media?parent=6396"}],"wp:term":[{"taxonomy":"product_brand","embeddable":true,"href":"https:\/\/www.mundialsc.com.br\/loja\/wp-json\/wp\/v2\/product_brand?post=6396"},{"taxonomy":"product_cat","embeddable":true,"href":"https:\/\/www.mundialsc.com.br\/loja\/wp-json\/wp\/v2\/product_cat?post=6396"},{"taxonomy":"product_tag","embeddable":true,"href":"https:\/\/www.mundialsc.com.br\/loja\/wp-json\/wp\/v2\/product_tag?post=6396"}],"curies":[{"name":"wp","href":"https:\/\/api.w.org\/{rel}","templated":true}]}}