{"id":6390,"date":"2020-10-06T10:32:34","date_gmt":"2020-10-06T13:32:34","guid":{"rendered":"https:\/\/www.mundialsc.com.br\/loja\/?post_type=product&#038;p=6390"},"modified":"2023-11-28T11:44:08","modified_gmt":"2023-11-28T14:44:08","slug":"setor-parcial-direcao-ssangyong-actyon-sports-2-0-original","status":"publish","type":"product","link":"https:\/\/www.mundialsc.com.br\/loja\/produto\/setor-parcial-direcao-ssangyong-actyon-sports-2-0-original\/","title":{"rendered":"Setor Parcial Dire\u00e7\u00e3o Ssangyong Actyon Sports 2.0 Original"},"content":{"rendered":"<p>Setor Parcial Dire\u00e7\u00e3o<br \/>\nC\u00f3digo Original: 4621009008<br \/>\nC\u00f3digo Interno: 4621009008<br \/>\nPRODUTO ORIGINAL<\/p>\n<p>Aplica\u00e7\u00e3o:<\/p>\n<p>SSANGYONG<\/p>\n<p>ACTYON SPORTS 2.0 2008-2011<\/p>\n","protected":false},"excerpt":{"rendered":"<p>Setor Parcial Dire\u00e7\u00e3o C\u00f3digo Original: 4621009008 C\u00f3digo Interno: 4621009008 PRODUTO ORIGINAL Aplica\u00e7\u00e3o: SSANGYONG ACTYON SPORTS 2.0 2008-2011<\/p>\n","protected":false},"featured_media":6386,"template":"","meta":[],"product_brand":[],"product_cat":[85],"product_tag":[],"class_list":{"0":"post-6390","1":"product","2":"type-product","3":"status-publish","4":"has-post-thumbnail","6":"product_cat-direcao","8":"first","9":"instock","10":"shipping-taxable","11":"product-type-simple"},"_links":{"self":[{"href":"https:\/\/www.mundialsc.com.br\/loja\/wp-json\/wp\/v2\/product\/6390","targetHints":{"allow":["GET"]}}],"collection":[{"href":"https:\/\/www.mundialsc.com.br\/loja\/wp-json\/wp\/v2\/product"}],"about":[{"href":"https:\/\/www.mundialsc.com.br\/loja\/wp-json\/wp\/v2\/types\/product"}],"wp:featuredmedia":[{"embeddable":true,"href":"https:\/\/www.mundialsc.com.br\/loja\/wp-json\/wp\/v2\/media\/6386"}],"wp:attachment":[{"href":"https:\/\/www.mundialsc.com.br\/loja\/wp-json\/wp\/v2\/media?parent=6390"}],"wp:term":[{"taxonomy":"product_brand","embeddable":true,"href":"https:\/\/www.mundialsc.com.br\/loja\/wp-json\/wp\/v2\/product_brand?post=6390"},{"taxonomy":"product_cat","embeddable":true,"href":"https:\/\/www.mundialsc.com.br\/loja\/wp-json\/wp\/v2\/product_cat?post=6390"},{"taxonomy":"product_tag","embeddable":true,"href":"https:\/\/www.mundialsc.com.br\/loja\/wp-json\/wp\/v2\/product_tag?post=6390"}],"curies":[{"name":"wp","href":"https:\/\/api.w.org\/{rel}","templated":true}]}}