{"id":6280,"date":"2020-09-30T09:51:06","date_gmt":"2020-09-30T12:51:06","guid":{"rendered":"https:\/\/www.mundialsc.com.br\/loja\/?post_type=product&#038;p=6280"},"modified":"2020-09-30T09:51:47","modified_gmt":"2020-09-30T12:51:47","slug":"jogo-de-arruela-de-encosto-ssangyong-actyon-sports-2-0","status":"publish","type":"product","link":"https:\/\/www.mundialsc.com.br\/loja\/produto\/jogo-de-arruela-de-encosto-ssangyong-actyon-sports-2-0\/","title":{"rendered":"Jogo De Arruela De Encosto Ssangyong Actyon Sports 2.0"},"content":{"rendered":"<p>Jogo De Arruela De Encosto ( 04 PARTES )<br \/>\nC\u00f3digo Interno: AP20DT<\/p>\n<p>Aplica\u00e7\u00e3o:<\/p>\n<p>SSANGYONG<\/p>\n<p>ACTYON SPORTS 2.0 2008-2011<\/p>\n","protected":false},"excerpt":{"rendered":"<p>Jogo De Arruela De Encosto ( 04 PARTES ) C\u00f3digo Interno: AP20DT Aplica\u00e7\u00e3o: SSANGYONG ACTYON SPORTS 2.0 2008-2011<\/p>\n","protected":false},"featured_media":6277,"template":"","meta":[],"product_brand":[],"product_cat":[202,42],"product_tag":[],"class_list":{"0":"post-6280","1":"product","2":"type-product","3":"status-publish","4":"has-post-thumbnail","6":"product_cat-arruela-de-encosto","7":"product_cat-motor","9":"first","10":"instock","11":"shipping-taxable","12":"purchasable","13":"product-type-simple"},"_links":{"self":[{"href":"https:\/\/www.mundialsc.com.br\/loja\/wp-json\/wp\/v2\/product\/6280","targetHints":{"allow":["GET"]}}],"collection":[{"href":"https:\/\/www.mundialsc.com.br\/loja\/wp-json\/wp\/v2\/product"}],"about":[{"href":"https:\/\/www.mundialsc.com.br\/loja\/wp-json\/wp\/v2\/types\/product"}],"wp:featuredmedia":[{"embeddable":true,"href":"https:\/\/www.mundialsc.com.br\/loja\/wp-json\/wp\/v2\/media\/6277"}],"wp:attachment":[{"href":"https:\/\/www.mundialsc.com.br\/loja\/wp-json\/wp\/v2\/media?parent=6280"}],"wp:term":[{"taxonomy":"product_brand","embeddable":true,"href":"https:\/\/www.mundialsc.com.br\/loja\/wp-json\/wp\/v2\/product_brand?post=6280"},{"taxonomy":"product_cat","embeddable":true,"href":"https:\/\/www.mundialsc.com.br\/loja\/wp-json\/wp\/v2\/product_cat?post=6280"},{"taxonomy":"product_tag","embeddable":true,"href":"https:\/\/www.mundialsc.com.br\/loja\/wp-json\/wp\/v2\/product_tag?post=6280"}],"curies":[{"name":"wp","href":"https:\/\/api.w.org\/{rel}","templated":true}]}}