{"id":6228,"date":"2020-09-18T14:34:13","date_gmt":"2020-09-18T17:34:13","guid":{"rendered":"https:\/\/www.mundialsc.com.br\/loja\/?post_type=product&#038;p=6228"},"modified":"2023-11-30T11:32:48","modified_gmt":"2023-11-30T14:32:48","slug":"jogo-de-bronzina-completo-biela-mahindra-pik-up-2-2-euro-v-copia","status":"publish","type":"product","link":"https:\/\/www.mundialsc.com.br\/loja\/produto\/jogo-de-bronzina-completo-biela-mahindra-pik-up-2-2-euro-v-copia\/","title":{"rendered":"Jogo De Bronzina Completo Mahindra Pik Up 2.2 Euro V"},"content":{"rendered":"<p>Jogo Completo Biela + Jogo Completo Mancal<br \/>\nC\u00f3digo Original: 0312bm0510n + 0312BM0302N<br \/>\nC\u00f3digo Interno: B-0312bm0510n + B-0312BM0302N<\/p>\n<p>Aplica\u00e7\u00e3o:<\/p>\n<p>MAHINDRA<\/p>\n<p>PIK UP 2.2 EURO 5 <\/p>\n","protected":false},"excerpt":{"rendered":"<p>Jogo Completo Biela + Jogo Completo Mancal C\u00f3digo Original: 0312bm0510n + 0312BM0302N C\u00f3digo Interno: B-0312bm0510n + B-0312BM0302N Aplica\u00e7\u00e3o: MAHINDRA PIK<\/p>\n","protected":false},"featured_media":6232,"template":"","meta":[],"product_brand":[],"product_cat":[201,42],"product_tag":[],"class_list":{"0":"post-6228","1":"product","2":"type-product","3":"status-publish","4":"has-post-thumbnail","6":"product_cat-bronzina","7":"product_cat-motor","9":"first","10":"instock","11":"shipping-taxable","12":"product-type-simple"},"_links":{"self":[{"href":"https:\/\/www.mundialsc.com.br\/loja\/wp-json\/wp\/v2\/product\/6228","targetHints":{"allow":["GET"]}}],"collection":[{"href":"https:\/\/www.mundialsc.com.br\/loja\/wp-json\/wp\/v2\/product"}],"about":[{"href":"https:\/\/www.mundialsc.com.br\/loja\/wp-json\/wp\/v2\/types\/product"}],"wp:featuredmedia":[{"embeddable":true,"href":"https:\/\/www.mundialsc.com.br\/loja\/wp-json\/wp\/v2\/media\/6232"}],"wp:attachment":[{"href":"https:\/\/www.mundialsc.com.br\/loja\/wp-json\/wp\/v2\/media?parent=6228"}],"wp:term":[{"taxonomy":"product_brand","embeddable":true,"href":"https:\/\/www.mundialsc.com.br\/loja\/wp-json\/wp\/v2\/product_brand?post=6228"},{"taxonomy":"product_cat","embeddable":true,"href":"https:\/\/www.mundialsc.com.br\/loja\/wp-json\/wp\/v2\/product_cat?post=6228"},{"taxonomy":"product_tag","embeddable":true,"href":"https:\/\/www.mundialsc.com.br\/loja\/wp-json\/wp\/v2\/product_tag?post=6228"}],"curies":[{"name":"wp","href":"https:\/\/api.w.org\/{rel}","templated":true}]}}