{"id":6223,"date":"2020-09-18T14:22:02","date_gmt":"2020-09-18T17:22:02","guid":{"rendered":"https:\/\/www.mundialsc.com.br\/loja\/?post_type=product&#038;p=6223"},"modified":"2023-11-30T11:36:22","modified_gmt":"2023-11-30T14:36:22","slug":"jogo-de-bronzina-completo-mancal-mahindra-pik-up-2-2-euro-v","status":"publish","type":"product","link":"https:\/\/www.mundialsc.com.br\/loja\/produto\/jogo-de-bronzina-completo-mancal-mahindra-pik-up-2-2-euro-v\/","title":{"rendered":"Jogo De Bronzina Mancal Mahindra Pik Up 2.2 Euro V"},"content":{"rendered":"<p>Jogo De Bronzina<br \/>\nC\u00f3digo Original: 0312BM0302N<br \/>\nC\u00f3digo Interno: B-0312BM0302N<\/p>\n<p>Aplica\u00e7\u00e3o:<\/p>\n<p>MAHINDRA<\/p>\n<p>PIK UP 2.2 EURO 5 <\/p>\n","protected":false},"excerpt":{"rendered":"<p>Jogo De Bronzina C\u00f3digo Original: 0312BM0302N C\u00f3digo Interno: B-0312BM0302N Aplica\u00e7\u00e3o: MAHINDRA PIK UP 2.2 EURO 5<\/p>\n","protected":false},"featured_media":6221,"template":"","meta":[],"product_brand":[],"product_cat":[201,42],"product_tag":[],"class_list":{"0":"post-6223","1":"product","2":"type-product","3":"status-publish","4":"has-post-thumbnail","6":"product_cat-bronzina","7":"product_cat-motor","9":"first","10":"instock","11":"shipping-taxable","12":"product-type-simple"},"_links":{"self":[{"href":"https:\/\/www.mundialsc.com.br\/loja\/wp-json\/wp\/v2\/product\/6223","targetHints":{"allow":["GET"]}}],"collection":[{"href":"https:\/\/www.mundialsc.com.br\/loja\/wp-json\/wp\/v2\/product"}],"about":[{"href":"https:\/\/www.mundialsc.com.br\/loja\/wp-json\/wp\/v2\/types\/product"}],"wp:featuredmedia":[{"embeddable":true,"href":"https:\/\/www.mundialsc.com.br\/loja\/wp-json\/wp\/v2\/media\/6221"}],"wp:attachment":[{"href":"https:\/\/www.mundialsc.com.br\/loja\/wp-json\/wp\/v2\/media?parent=6223"}],"wp:term":[{"taxonomy":"product_brand","embeddable":true,"href":"https:\/\/www.mundialsc.com.br\/loja\/wp-json\/wp\/v2\/product_brand?post=6223"},{"taxonomy":"product_cat","embeddable":true,"href":"https:\/\/www.mundialsc.com.br\/loja\/wp-json\/wp\/v2\/product_cat?post=6223"},{"taxonomy":"product_tag","embeddable":true,"href":"https:\/\/www.mundialsc.com.br\/loja\/wp-json\/wp\/v2\/product_tag?post=6223"}],"curies":[{"name":"wp","href":"https:\/\/api.w.org\/{rel}","templated":true}]}}