{"id":6215,"date":"2020-09-17T14:17:02","date_gmt":"2020-09-17T17:17:02","guid":{"rendered":"https:\/\/www.mundialsc.com.br\/loja\/?post_type=product&#038;p=6215"},"modified":"2023-11-30T11:31:05","modified_gmt":"2023-11-30T14:31:05","slug":"jogo-de-aneis-mahindra-suv-2-2-std-original","status":"publish","type":"product","link":"https:\/\/www.mundialsc.com.br\/loja\/produto\/jogo-de-aneis-mahindra-suv-2-2-std-original\/","title":{"rendered":"Jogo De An\u00e9is Mahindra Suv 2.2 STD Original"},"content":{"rendered":"<p>Jogo De An\u00e9is<br \/>\nC\u00f3digo Original: 0312BM0530N<br \/>\nC\u00f3digo Interno: 0312BM0530N<br \/>\nPRODUTO ORIGINAL<\/p>\n<p>Aplica\u00e7\u00e3o:<\/p>\n<p>MAHINDRA<\/p>\n<p>SUV 2.2 <\/p>\n","protected":false},"excerpt":{"rendered":"<p>Jogo De An\u00e9is C\u00f3digo Original: 0312BM0530N C\u00f3digo Interno: 0312BM0530N PRODUTO ORIGINAL Aplica\u00e7\u00e3o: MAHINDRA SUV 2.2<\/p>\n","protected":false},"featured_media":6216,"template":"","meta":[],"product_brand":[],"product_cat":[171,42],"product_tag":[],"class_list":{"0":"post-6215","1":"product","2":"type-product","3":"status-publish","4":"has-post-thumbnail","6":"product_cat-aneis","7":"product_cat-motor","9":"first","10":"instock","11":"shipping-taxable","12":"product-type-simple"},"_links":{"self":[{"href":"https:\/\/www.mundialsc.com.br\/loja\/wp-json\/wp\/v2\/product\/6215","targetHints":{"allow":["GET"]}}],"collection":[{"href":"https:\/\/www.mundialsc.com.br\/loja\/wp-json\/wp\/v2\/product"}],"about":[{"href":"https:\/\/www.mundialsc.com.br\/loja\/wp-json\/wp\/v2\/types\/product"}],"wp:featuredmedia":[{"embeddable":true,"href":"https:\/\/www.mundialsc.com.br\/loja\/wp-json\/wp\/v2\/media\/6216"}],"wp:attachment":[{"href":"https:\/\/www.mundialsc.com.br\/loja\/wp-json\/wp\/v2\/media?parent=6215"}],"wp:term":[{"taxonomy":"product_brand","embeddable":true,"href":"https:\/\/www.mundialsc.com.br\/loja\/wp-json\/wp\/v2\/product_brand?post=6215"},{"taxonomy":"product_cat","embeddable":true,"href":"https:\/\/www.mundialsc.com.br\/loja\/wp-json\/wp\/v2\/product_cat?post=6215"},{"taxonomy":"product_tag","embeddable":true,"href":"https:\/\/www.mundialsc.com.br\/loja\/wp-json\/wp\/v2\/product_tag?post=6215"}],"curies":[{"name":"wp","href":"https:\/\/api.w.org\/{rel}","templated":true}]}}