{"id":6200,"date":"2020-09-17T14:04:25","date_gmt":"2020-09-17T17:04:25","guid":{"rendered":"https:\/\/www.mundialsc.com.br\/loja\/?post_type=product&#038;p=6200"},"modified":"2023-11-30T11:30:01","modified_gmt":"2023-11-30T14:30:01","slug":"jogo-de-pistao-mahindra-suv-2-2-std-original","status":"publish","type":"product","link":"https:\/\/www.mundialsc.com.br\/loja\/produto\/jogo-de-pistao-mahindra-suv-2-2-std-original\/","title":{"rendered":"Jogo De Pist\u00e3o Mahindra Suv 2.2 STD Original"},"content":{"rendered":"<p>Jogo De 04un De Pist\u00e3o Com Pino<br \/>\nC\u00f3digo Original: 0312BM0520N<br \/>\nC\u00f3digo Interno: 0312BM0520N<br \/>\nPRODUTO ORIGINAL<\/p>\n<p>Aplica\u00e7\u00e3o:<\/p>\n<p>MAHINDRA<\/p>\n<p>SUV 2.2 TURBO DIESEL<\/p>\n","protected":false},"excerpt":{"rendered":"<p>Jogo De 04un De Pist\u00e3o Com Pino C\u00f3digo Original: 0312BM0520N C\u00f3digo Interno: 0312BM0520N PRODUTO ORIGINAL Aplica\u00e7\u00e3o: MAHINDRA SUV 2.2 TURBO<\/p>\n","protected":false},"featured_media":6201,"template":"","meta":[],"product_brand":[],"product_cat":[42,200],"product_tag":[],"class_list":{"0":"post-6200","1":"product","2":"type-product","3":"status-publish","4":"has-post-thumbnail","6":"product_cat-motor","7":"product_cat-pistao","9":"first","10":"instock","11":"shipping-taxable","12":"product-type-simple"},"_links":{"self":[{"href":"https:\/\/www.mundialsc.com.br\/loja\/wp-json\/wp\/v2\/product\/6200","targetHints":{"allow":["GET"]}}],"collection":[{"href":"https:\/\/www.mundialsc.com.br\/loja\/wp-json\/wp\/v2\/product"}],"about":[{"href":"https:\/\/www.mundialsc.com.br\/loja\/wp-json\/wp\/v2\/types\/product"}],"wp:featuredmedia":[{"embeddable":true,"href":"https:\/\/www.mundialsc.com.br\/loja\/wp-json\/wp\/v2\/media\/6201"}],"wp:attachment":[{"href":"https:\/\/www.mundialsc.com.br\/loja\/wp-json\/wp\/v2\/media?parent=6200"}],"wp:term":[{"taxonomy":"product_brand","embeddable":true,"href":"https:\/\/www.mundialsc.com.br\/loja\/wp-json\/wp\/v2\/product_brand?post=6200"},{"taxonomy":"product_cat","embeddable":true,"href":"https:\/\/www.mundialsc.com.br\/loja\/wp-json\/wp\/v2\/product_cat?post=6200"},{"taxonomy":"product_tag","embeddable":true,"href":"https:\/\/www.mundialsc.com.br\/loja\/wp-json\/wp\/v2\/product_tag?post=6200"}],"curies":[{"name":"wp","href":"https:\/\/api.w.org\/{rel}","templated":true}]}}