{"id":6112,"date":"2020-09-11T16:15:42","date_gmt":"2020-09-11T19:15:42","guid":{"rendered":"https:\/\/www.mundialsc.com.br\/loja\/?post_type=product&#038;p=6112"},"modified":"2020-09-11T16:16:06","modified_gmt":"2020-09-11T19:16:06","slug":"bieleta-dianteira-direita-ssangyong-korando","status":"publish","type":"product","link":"https:\/\/www.mundialsc.com.br\/loja\/produto\/bieleta-dianteira-direita-ssangyong-korando\/","title":{"rendered":"Bieleta Dianteira Direita Ssangyong Korando"},"content":{"rendered":"<p>Bieleta Dianteira Direita<br \/>\nC\u00f3digo Original: 4475034002<br \/>\nC\u00f3digo Interno: 4475034002<\/p>\n<p>Aplica\u00e7\u00e3o:<\/p>\n<p>SSANGYONG<\/p>\n<p>KORANDO 2.0 2010 EM DIANTE<\/p>\n","protected":false},"excerpt":{"rendered":"<p>Bieleta Dianteira Direita C\u00f3digo Original: 4475034002 C\u00f3digo Interno: 4475034002 Aplica\u00e7\u00e3o: SSANGYONG KORANDO 2.0 2010 EM DIANTE<\/p>\n","protected":false},"featured_media":6109,"template":"","meta":[],"product_brand":[],"product_cat":[100],"product_tag":[],"class_list":{"0":"post-6112","1":"product","2":"type-product","3":"status-publish","4":"has-post-thumbnail","6":"product_cat-bieleta","8":"first","9":"instock","10":"shipping-taxable","11":"purchasable","12":"product-type-simple"},"_links":{"self":[{"href":"https:\/\/www.mundialsc.com.br\/loja\/wp-json\/wp\/v2\/product\/6112","targetHints":{"allow":["GET"]}}],"collection":[{"href":"https:\/\/www.mundialsc.com.br\/loja\/wp-json\/wp\/v2\/product"}],"about":[{"href":"https:\/\/www.mundialsc.com.br\/loja\/wp-json\/wp\/v2\/types\/product"}],"wp:featuredmedia":[{"embeddable":true,"href":"https:\/\/www.mundialsc.com.br\/loja\/wp-json\/wp\/v2\/media\/6109"}],"wp:attachment":[{"href":"https:\/\/www.mundialsc.com.br\/loja\/wp-json\/wp\/v2\/media?parent=6112"}],"wp:term":[{"taxonomy":"product_brand","embeddable":true,"href":"https:\/\/www.mundialsc.com.br\/loja\/wp-json\/wp\/v2\/product_brand?post=6112"},{"taxonomy":"product_cat","embeddable":true,"href":"https:\/\/www.mundialsc.com.br\/loja\/wp-json\/wp\/v2\/product_cat?post=6112"},{"taxonomy":"product_tag","embeddable":true,"href":"https:\/\/www.mundialsc.com.br\/loja\/wp-json\/wp\/v2\/product_tag?post=6112"}],"curies":[{"name":"wp","href":"https:\/\/api.w.org\/{rel}","templated":true}]}}